{"id":101,"date":"2018-02-19T18:54:22","date_gmt":"2018-02-19T18:54:22","guid":{"rendered":"https:\/\/www.minisculebyebrar.com\/?page_id=101"},"modified":"2020-11-07T23:54:00","modified_gmt":"2020-11-07T20:54:00","slug":"teslimat-ve-iade-sartlari","status":"publish","type":"page","link":"https:\/\/www.minisculebyebrar.com\/tr\/teslimat-ve-iade-sartlari\/","title":{"rendered":"Teslimat ve iade \u015fartlar\u0131"},"content":{"rendered":"<div class=\"wpb-content-wrapper\"><p>[vc_row][vc_column][vc_column_text]&nbsp;<\/p>\n<p style=\"text-align: center;\"><span style=\"color: #cb724c; font-size: 20pt;\">\u0130ade ve De\u011fi\u015fim<\/span><\/p>\n<p><span style=\"font-weight: 600;\">\u0130ade <\/span><\/p>\n<p><span style=\"font-weight: 600;\">minisc\u00fale by ebrar<\/span>\u2019dan sipari\u015f etti\u011finiz \u00fcr\u00fcnleri teslim tarihinden itibaren kullan\u0131lmam\u0131\u015f olmas\u0131 \u015fart\u0131yla ve faturas\u0131yla birlikte 14 g\u00fcn i\u00e7erisinde hi\u00e7bir neden belirtmeden iade hakk\u0131n\u0131z bulunmaktad\u0131r.<\/p>\n<p>\u0130ade i\u015flemlerinizin ba\u015flat\u0131labilmesi i\u00e7in bu s\u00fcre i\u00e7erisinde <a href=\"mailto:hello@minisculebyebrar.com\"><span style=\"font-weight: 600;\"><span style=\"color: #cb724c;\">hello@minisculebyebrar.com<\/span><\/span><\/a> adresine e-posta yoluyla sipari\u015f numaran\u0131z\u0131 belirterek bilgi vermi\u015f olman\u0131z gerekmektedir.<\/p>\n<p>\u00dcr\u00fcn\u00fcn\u00fcz\u00a0<span style=\"font-weight: 600;\">minisc\u00fale by ebrar<\/span>\u00a0taraf\u0131ndan teslim al\u0131nd\u0131ktan sonra iade ko\u015fullar\u0131na uygunlu\u011fu kontrol edilmektedir. \u0130ade i\u015fleminin onaylanmas\u0131n\u0131n ard\u0131ndan da e-posta adresinize g\u00f6nderilen onay bildiriminden itibaren 14 g\u00fcn i\u00e7erisinde taraf\u0131n\u0131za geri \u00f6denmektedir.<\/p>\n<p><span style=\"font-weight: 600;\">De\u011fi\u015fim<\/span><\/p>\n<p><span style=\"font-weight: 600;\">minisc\u00fale by ebrar<\/span>\u2019dan sipari\u015f etti\u011finiz \u00fcr\u00fcnleri teslim tarihinden itibaren kullan\u0131lmam\u0131\u015f olmas\u0131 \u015fart\u0131yla 14 g\u00fcn i\u00e7erisinde de\u011fi\u015fim hakk\u0131n\u0131z bulunmaktad\u0131r.<\/p>\n<p>De\u011fi\u015fim i\u015flemlerinizin ba\u015flat\u0131labilmesi i\u00e7in bu s\u00fcre i\u00e7erisinde <span style=\"font-weight: 600;\"><a href=\"mailto:hello@minisculebyebrar.com\"><span style=\"color: #cb724c;\">hello@minisculebyebrar.com<\/span><\/a><\/span> adresine e-posta yoluyla sipari\u015f numaran\u0131z\u0131 belirterek bilgi vermi\u015f olman\u0131z gerekmektedir.<\/p>\n<p>De\u011fi\u015fim i\u015flemleri sadece ayn\u0131 model \u00fcr\u00fcnlerde beden de\u011fi\u015fikli\u011fi \u015feklinde yap\u0131labilmektedir. Farkl\u0131 bir \u00fcr\u00fcn ile de\u011fi\u015fim i\u015flemi yap\u0131lamamaktad\u0131r.<strong>\u00a0<\/strong><\/p>\n<p>&nbsp;[\/vc_column_text][\/vc_column][\/vc_row]<\/p>\n<\/div>","protected":false},"excerpt":{"rendered":"<p>[vc_row][vc_column][vc_column_text]&nbsp; \u0130ade ve De\u011fi\u015fim \u0130ade minisc\u00fale by ebrar\u2019dan sipari\u015f etti\u011finiz \u00fcr\u00fcnleri teslim tarihinden itibaren kullan\u0131lmam\u0131\u015f olmas\u0131 \u015fart\u0131yla ve faturas\u0131yla birlikte 14 g\u00fcn i\u00e7erisinde hi\u00e7bir neden belirtmeden iade hakk\u0131n\u0131z bulunmaktad\u0131r. \u0130ade i\u015flemlerinizin ba\u015flat\u0131labilmesi i\u00e7in bu s\u00fcre i\u00e7erisinde hello@minisculebyebrar.com adresine e-posta yoluyla sipari\u015f numaran\u0131z\u0131 belirterek bilgi vermi\u015f olman\u0131z gerekmektedir. \u00dcr\u00fcn\u00fcn\u00fcz\u00a0minisc\u00fale by ebrar\u00a0taraf\u0131ndan teslim al\u0131nd\u0131ktan sonra iade ko\u015fullar\u0131na [&hellip;]<\/p>\n","protected":false},"author":8,"featured_media":0,"parent":0,"menu_order":0,"comment_status":"closed","ping_status":"closed","template":"","meta":{"footnotes":""},"class_list":["post-101","page","type-page","status-publish","hentry"],"_links":{"self":[{"href":"https:\/\/www.minisculebyebrar.com\/tr\/wp-json\/wp\/v2\/pages\/101","targetHints":{"allow":["GET"]}}],"collection":[{"href":"https:\/\/www.minisculebyebrar.com\/tr\/wp-json\/wp\/v2\/pages"}],"about":[{"href":"https:\/\/www.minisculebyebrar.com\/tr\/wp-json\/wp\/v2\/types\/page"}],"author":[{"embeddable":true,"href":"https:\/\/www.minisculebyebrar.com\/tr\/wp-json\/wp\/v2\/users\/8"}],"replies":[{"embeddable":true,"href":"https:\/\/www.minisculebyebrar.com\/tr\/wp-json\/wp\/v2\/comments?post=101"}],"version-history":[{"count":0,"href":"https:\/\/www.minisculebyebrar.com\/tr\/wp-json\/wp\/v2\/pages\/101\/revisions"}],"wp:attachment":[{"href":"https:\/\/www.minisculebyebrar.com\/tr\/wp-json\/wp\/v2\/media?parent=101"}],"curies":[{"name":"wp","href":"https:\/\/api.w.org\/{rel}","templated":true}]}}