{"id":109,"date":"2018-02-19T18:58:36","date_gmt":"2018-02-19T18:58:36","guid":{"rendered":"https:\/\/www.minisculebyebrar.com\/?page_id=109"},"modified":"2021-03-17T19:02:39","modified_gmt":"2021-03-17T16:02:39","slug":"mesafeli-satis-sozlesmesi","status":"publish","type":"page","link":"https:\/\/www.minisculebyebrar.com\/tr\/mesafeli-satis-sozlesmesi\/","title":{"rendered":"Mesafeli sat\u0131\u015f s\u00f6zle\u015fmesi"},"content":{"rendered":"<h1 style=\"text-align: center;\"><span style=\"font-size: 20pt; color: #cb724c;\">MESAFEL\u0130 SATI\u015e S\u00d6ZLE\u015eMES\u0130<\/span><\/h1>\n<p><span style=\"font-size: 14pt;\">1) TARAFLAR<\/span><\/p>\n<h2 style=\"padding-left: 40px;\"><span style=\"text-decoration: underline;\"><span style=\"font-size: 14pt;\"><strong>a) SATICI<\/strong><\/span><\/span><\/h2>\n<table width=\"0\">\n<tbody>\n<tr>\n<td>\u00dcnvan\u0131<\/td>\n<td>:<\/td>\n<td>Hatice Ebrar Sar\u0131g\u00fcl\u00fc &#8211; Min\u00fcsk\u00fcl Tekstil<\/td>\n<\/tr>\n<tr>\n<td>Adresi<\/td>\n<td>:<\/td>\n<td>Akat Mah. Cebeci Sok. Demet Apt. No:4 Daire:2, 34335 Etiler \/ \u0130STANBUL<\/td>\n<\/tr>\n<tr>\n<td>V.D.\/No<\/td>\n<td>:<\/td>\n<td>Be\u015fikta\u015f &#8211; 7480154748<\/td>\n<\/tr>\n<tr>\n<td>Mersis<\/td>\n<td>:<\/td>\n<td>\u0130stanbul &#8211; 1063751403000001<\/td>\n<\/tr>\n<tr>\n<td>Web Adresi<\/td>\n<td>:<\/td>\n<td>www.minisculebyebrar.com<\/td>\n<\/tr>\n<tr>\n<td>E-mail<\/td>\n<td>:<\/td>\n<td>hello@minisculebyebrar.com<\/td>\n<\/tr>\n<\/tbody>\n<\/table>\n<p style=\"padding-left: 40px;\"><span style=\"text-decoration: underline;\"><span style=\"font-size: 14pt;\">b) ALICI<\/span><\/span><\/p>\n<p><span style=\"font-size: 14pt;\"><span style=\"color: #cb724c;\">ALICININ B\u0130LG\u0130LER\u0130 :<\/span><\/span><\/p>\n<p>Ad Soyad:\u00a0 \u00a0 \u00a0&#8230;&#8230;&#8230;&#8230;&#8230;&#8230;&#8230;&#8230;&#8230;&#8230;&#8230;&#8230;&#8230;&#8230;&#8230;&#8230;&#8230;&#8230;&#8230;&#8230;&#8230;&#8230;&#8230;&#8230;&#8230;&#8230;&#8230;&#8230;.<\/p>\n<p>Mail:\u00a0 \u00a0 \u00a0 \u00a0 \u00a0 &#8230;&#8230;&#8230;&#8230;&#8230;&#8230;&#8230;&#8230;&#8230;&#8230;&#8230;&#8230;&#8230;&#8230;&#8230;&#8230;&#8230;&#8230;&#8230;&#8230;&#8230;&#8230;&#8230;&#8230;&#8230;&#8230;&#8230;&#8230;.<\/p>\n<p>Tel:\u00a0 \u00a0 \u00a0 \u00a0 \u00a0 \u00a0 &#8230;&#8230;&#8230;&#8230;&#8230;&#8230;&#8230;&#8230;&#8230;&#8230;&#8230;&#8230;&#8230;&#8230;&#8230;&#8230;&#8230;&#8230;&#8230;&#8230;&#8230;&#8230;&#8230;&#8230;&#8230;&#8230;&#8230;&#8230;.<\/p>\n<p>Adres:\u00a0 \u00a0 \u00a0 \u00a0 &#8230;&#8230;&#8230;&#8230;&#8230;&#8230;&#8230;&#8230;&#8230;&#8230;&#8230;&#8230;&#8230;&#8230;&#8230;&#8230;&#8230;&#8230;&#8230;&#8230;&#8230;&#8230;&#8230;&#8230;&#8230;&#8230;&#8230;&#8230;.<\/p>\n<h2 style=\"padding-left: 40px;\"><span style=\"text-decoration: underline;\"><span style=\"font-size: 14pt;\"><strong>c) S\u0130TE<\/strong><\/span><\/span><\/h2>\n<p>SATICIYA ait <span style=\"font-weight: 600;\">www.minisculebyebrar.com<\/span> al\u0131\u015fveri\u015f sitesi.<\/p>\n<p><span style=\"font-size: 14pt;\">2) S\u00d6ZLE\u015eMEN\u0130N KONUSU<\/span><\/p>\n<p style=\"padding-left: 40px;\">a) \u0130\u015f bu s\u00f6zle\u015fmenin konusu, ALICI&#8217;n\u0131n SATICI&#8217;ya ait <span style=\"color: #cb724c;\"><strong>minisculebyebrar.com<\/strong><\/span> alan adl\u0131 internet sitesinden elektronik ortamda sipari\u015fini yapt\u0131\u011f\u0131 a\u015fa\u011f\u0131da nitelikleri ve sat\u0131\u015f fiyat\u0131 belirtilen \u00fcr\u00fcn\u00fcn sat\u0131\u015f\u0131 ve teslimi ile ilgili olarak 6502 say\u0131l\u0131 T\u00fcketicinin Korunmas\u0131 Hakk\u0131ndaki Kanun ve 29188 Resmi Gazete Say\u0131l\u0131 Mesafeli S\u00f6zle\u015fmelere Dair Y\u00f6netmelik h\u00fck\u00fcmleri gere\u011fince taraflar\u0131n hak ve y\u00fck\u00fcml\u00fcl\u00fcklerinin taahh\u00fct edilmesidir.<\/p>\n<p><span style=\"font-size: 14pt;\">3) S\u00d6ZLE\u015eME KONUSU \u00dcR\u00dcN, BEDEL\u0130, TESL\u0130M MASRAFLARI, S\u00dcRES\u0130 ve FATURA B\u0130LG\u0130LER\u0130<\/span><\/p>\n<p style=\"padding-left: 40px;\">a) S\u00f6zle\u015fmede belirtilen fiyat dahil t\u00fcm taahh\u00fctler, de\u011fi\u015ftirilinceye ve g\u00fcncelleme yap\u0131l\u0131ncaya kadar ge\u00e7erlidir. S\u00fcreli olarak ilan edilen vaatler ve fiyatlar ise belirtilen s\u00fcre sonuna kadar ge\u00e7erlidir<\/p>\n<p style=\"padding-left: 40px;\">Listelenen ve sitede ilan edilen fiyatlar sat\u0131\u015f fiyat\u0131d\u0131r. S\u00f6zle\u015fme konusu mal ya da hizmetin t\u00fcm vergiler dahil sat\u0131\u015f fiyat\u0131 a\u015fa\u011f\u0131da g\u00f6sterilmi\u015ftir.<\/p>\n<p><span style=\"color: #cb724c; font-size: 14pt;\">SATI\u015e B\u0130LG\u0130LER\u0130:<\/span><\/p>\n<p>\u00dcr\u00fcn: &#8230;&#8230;&#8230;&#8230;&#8230;&#8230;&#8230;&#8230;&#8230;&#8230;&#8230;&#8230;&#8230;&#8230;&#8230;&#8230;&#8230;&#8230;&#8230;&#8230;&#8230;.\u00a0 Adet: &#8230;&#8230;&#8230;&#8230;&#8230;<\/p>\n<p>Birim Fiyat: &#8230;&#8230;&#8230;&#8230;&#8230; \u0130ndirim: &#8230;&#8230;&#8230;&#8230;&#8230;. Toplam: &#8230;&#8230;&#8230;&#8230;&#8230;<\/p>\n<p>KDV: &#8230;&#8230;&#8230;&#8230;&#8230; Genel Toplam: &#8230;&#8230;&#8230;&#8230;&#8230;&#8230;&#8230;&#8230;&#8230;&#8230;&#8230;&#8230;&#8230;&#8230;&#8230;&#8230;<\/p>\n<p style=\"padding-left: 40px;\">b) ALICI, s\u00f6zle\u015fme konusu mal\/hizmeti teslim almadan \u00f6nce muayene edecek; ezik, k\u0131r\u0131k, ambalaj\u0131 y\u0131rt\u0131lm\u0131\u015f vb. hasarl\u0131 ve ay\u0131pl\u0131 mal\/hizmeti kargo \u015firketinden teslim almayacakt\u0131r. Teslim al\u0131nan mal\/hizmetin hasars\u0131z ve sa\u011flam oldu\u011fu kabul edilecektir.<\/p>\n<p><span style=\"font-size: 14pt;\">4) GENEL H\u00dcK\u00dcMLER<\/span><\/p>\n<p style=\"padding-left: 40px;\">a) ALICI, SATICI&#8217;ya ait <strong>minisculebyebrar.com<\/strong> adl\u0131 internet sitesinde s\u00f6zle\u015fme konusu \u00fcr\u00fcn\u00fcn temel nitelikleri, sat\u0131\u015f fiyat\u0131 ve \u00f6deme \u015fekli ile teslimat ve cayma hakk\u0131na ili\u015fkin \u00d6n Bilgilendirme Formu\u2019nu okuyup bilgi sahibi oldu\u011funu ve elektronik ortamda gerekli teyidi verdi\u011fini kabul, beyan ve taahh\u00fct eder.<\/p>\n<p style=\"padding-left: 40px;\">b) ALICI; bu s\u00f6zle\u015fmeyi elektronik ortamda teyit etmekle, mesafeli s\u00f6zle\u015fmelerin akdedilmesinden \u00f6nce, Sat\u0131c\u0131 taraf\u0131ndan t\u00fcketiciye verilmesi gereken adres, sipari\u015fi verilen \u00fcr\u00fcnlere ait temel \u00f6zellikler, \u00fcr\u00fcnlerin vergiler d\u00e2hil fiyat\u0131, \u00f6deme ve teslimat bilgileri ile cayma hakk\u0131na ili\u015fkin bilgileri de do\u011fru ve eksiksiz olarak edindi\u011fini teyit etmi\u015f olur.<\/p>\n<p style=\"padding-left: 40px;\">c) SATICI site \u00fczerinden al\u0131nan sipari\u015flerdeki adetleri herhangi bir sebep g\u00f6stermeden iptal etme ve s\u0131n\u0131rland\u0131rma hakk\u0131na sahiptir. Bu s\u0131n\u0131rlama ayn\u0131 m\u00fc\u015fteri hesab\u0131ndan, ayn\u0131 kredi kart\u0131 kullan\u0131larak, ayn\u0131 fatura veya teslimat adreslerini i\u00e7eren, toptanc\u0131, bayi taraf\u0131ndan veya yeniden sat\u0131lmak amac\u0131 ile verildi\u011fi d\u00fc\u015f\u00fcn\u00fclen sipari\u015flere uygulanabilir.<\/p>\n<p style=\"padding-left: 40px;\">d) SATICI sitede bulunan fiyatlar ile ma\u011fazalar\u0131nda bulunan fiyatlar aras\u0131nda olu\u015fabilecek farklardan sorumlu de\u011fildir. Site \u00fczerinden verilen sipari\u015flerde sitede sipari\u015f esnas\u0131nda sipari\u015f \u00f6zet sayfas\u0131nda verilen fiyatlar ge\u00e7erlidir.<\/p>\n<p style=\"padding-left: 40px;\">e) Site \u00fczerinde \u00fcr\u00fcn ile ilgili verilen bilgilerde yaz\u0131m hatalar\u0131 veya bilgi eksiklikleri olabilir. SATICI bu hatalar\u0131 d\u00fczeltme hakk\u0131na ve bunun sonucunda ilgili yasal mevzuat h\u00fck\u00fcmlerine uygun olmak kayd\u0131yla baz\u0131 sipari\u015flerde iptal ya da de\u011fi\u015fiklikler yapma hakk\u0131n\u0131 sakl\u0131 tutar.<\/p>\n<p style=\"padding-left: 40px;\">f) SATICI, sitedeki resimlerde \u00fcr\u00fcnlerin renklerini ger\u00e7ek renklerine en uygun \u015fekilde g\u00f6stermeyi hedefler. Ancak kullan\u0131c\u0131n\u0131n ekran ayarlar\u0131, farkl\u0131 ekran tipleri dolay\u0131s\u0131 ile olu\u015fabilecek farklardan dolay\u0131 sorumluluk kabul etmez.<\/p>\n<p style=\"padding-left: 40px;\">g) S\u00f6zle\u015fme konusu \u00fcr\u00fcn, \u201c6502say\u0131l\u0131 T\u00fcketicinin Korunmas\u0131 Hakk\u0131nda Kanun\u201d ile \u201cMesafeli S\u00f6zle\u015fmelere Dair Y\u00f6netmelik\u201d gere\u011fince belirlenen yasal 30 g\u00fcnl\u00fck s\u00fcreyi a\u015fmamak kayd\u0131 ile her bir \u00fcr\u00fcn i\u00e7in ALICI&#8217;n\u0131n yerle\u015fim yerinin uzakl\u0131\u011f\u0131na ba\u011fl\u0131 olarak ALICI veya g\u00f6sterdi\u011fi adresteki ki\u015fi\/kurulu\u015fa kargo \u015firketi arac\u0131l\u0131\u011f\u0131yla teslim edilir.<\/p>\n<p style=\"padding-left: 40px;\">h) \u00dcr\u00fcn teslimi, i\u015fbu s\u00f6zle\u015fmede belirtilen teslim almaya yetkili ki\u015fi\/kurulu\u015ftan ba\u015fkas\u0131na yap\u0131lmayacakt\u0131r. Teslimat esnas\u0131nda, teslim almaya yetkili ki\u015filerin kimlik ibraz\u0131 zorunludur. Bu ki\u015filer, kimlik ibraz etmedikleri takdirde kendilerine teslimat yap\u0131lmaktan imtina edilecektir. S\u00f6zle\u015fme konusu \u00fcr\u00fcn, ALICI&#8217;dan ba\u015fka bir ki\u015fi\/ki\u015filere teslim edilecek ise, teslim edilecek ki\u015fi\/kurulu\u015fun teslimat\u0131 kabul etmemesinden dolay\u0131 SATICI\u2019ya herhangi bir sorumluluk atfedilemez.<\/p>\n<p style=\"padding-left: 40px;\">i) SATICI, s\u00f6zle\u015fme konusu \u00fcr\u00fcn\u00fcn sa\u011flam, eksiksiz, sipari\u015fte belirtilen niteliklere uygun ve mevzuat uyar\u0131nca teslimi zorunlu olan hallerde garanti belgeleri ve kullan\u0131m k\u0131lavuzlar\u0131 ile birlikte teslim edilmesinden m\u00fckelleftir.<\/p>\n<p style=\"padding-left: 40px;\">j) S\u00f6zle\u015fme konusu \u00fcr\u00fcn\u00fcn teslimat\u0131 i\u00e7in \u00fcr\u00fcn bedelinin ALICI&#8217;n\u0131n tercih etti\u011fi \u00f6deme \u015fekli ile \u00f6denmi\u015f olmas\u0131 \u015fartt\u0131r. Herhangi bir nedenle \u00fcr\u00fcn bedeli \u00f6denmez veya banka kay\u0131tlar\u0131nda iptal edilir ise, SATICI \u00fcr\u00fcn\u00fcn teslimi y\u00fck\u00fcml\u00fcl\u00fc\u011f\u00fcnden muaf olacakt\u0131r.<\/p>\n<p style=\"padding-left: 40px;\">k) \u00dcr\u00fcn\u00fcn tesliminden sonra ALICI&#8217;ya ait kredi kart\u0131n\u0131n ALICI&#8217;n\u0131n kusurundan kaynaklanmayan bir \u015fekilde yetkisiz ki\u015filerce haks\u0131z veya hukuka ayk\u0131r\u0131 olarak kullan\u0131lmas\u0131 nedeni ile ilgili banka veya finans kurulu\u015funun \u00fcr\u00fcn bedelini SATICI&#8217;ya \u00f6dememesi halinde, ALICI&#8217;n\u0131n kendisine teslim edilmi\u015f olmas\u0131 kayd\u0131yla \u00fcr\u00fcn\u00fcn 3 g\u00fcn i\u00e7inde SATICI&#8217;ya g\u00f6nderilmesi zorunludur. Bu durumda nakliye giderleri ALICI&#8217;ya aittir.<\/p>\n<p style=\"padding-left: 40px;\">l) SATICI sipari\u015f konusu mal yada hizmet ediminin yerine getirilmesinin; m\u00fccbir sebepler veya nakliyeyi engelleyen hava muhalefeti, ula\u015f\u0131m\u0131n kesilmesi, yang\u0131n, deprem, sel bask\u0131n\u0131 gibi ola\u011fan\u00fcst\u00fc durumlar nedeni ile imkans\u0131zla\u015ft\u0131\u011f\u0131 hallerde ve hakl\u0131 bir nedenle s\u00f6zle\u015fme konusu \u00fcr\u00fcn\u00fcn tedarik edilemeyece\u011finin anla\u015f\u0131lmas\u0131 halinde s\u00f6zle\u015fme konusu \u00fcr\u00fcn\u00fc s\u00fcresi i\u00e7inde teslim edemez ise, durumu ALICI&#8217;ya bildirmekle y\u00fck\u00fcml\u00fcd\u00fcr. Bu takdirde ALICI sipari\u015fin iptal edilmesini, s\u00f6zle\u015fme konusu \u00fcr\u00fcn\u00fcn varsa emsali ile de\u011fi\u015ftirilmesini ve\/veya teslimat s\u00fcresinin engelleyici durumun ortadan kalkmas\u0131na kadar ertelenmesi haklar\u0131ndan birini kullanabilir. ALICI&#8217;n\u0131n sipari\u015fi iptal etmesi halinde \u00f6dedi\u011fi tutar \u00f6dedi\u011fi \u015fekilde kendisine geri \u00f6denir. ALICI&#8217;n\u0131n kredi kart\u0131 ile yapt\u0131\u011f\u0131 \u00f6demelerde ise, \u00fcr\u00fcn tutar\u0131, sipari\u015fin ALICI taraf\u0131ndan iptal edilmesinden sonra en ge\u00e7 10 (on) g\u00fcn i\u00e7erisinde ilgili bankaya iade edilir. Bu tutar\u0131n bankaya iadesinden sonra ALICI hesaplar\u0131na yans\u0131mas\u0131 tamamen banka i\u015flem s\u00fcreci ile ilgili oldu\u011fundan, ALICI, olas\u0131 gecikmeler i\u00e7in SATICI&#8217;n\u0131n herhangi bir \u015fekilde m\u00fcdahalede bulunmas\u0131n\u0131n m\u00fcmk\u00fcn olamayaca\u011f\u0131n\u0131 ve SATICI taraf\u0131ndan kredi kart\u0131na iade edilen tutar\u0131n banka taraf\u0131ndan ALICI hesab\u0131na yans\u0131t\u0131lmas\u0131 i\u00e7in ge\u00e7en s\u00fcrenin SATICININ sorumlulu\u011funda olmad\u0131\u011f\u0131n\u0131 ve SATICIYA bu s\u00fcre\u00e7le alakal\u0131 olarak hi\u00e7bir sorumluluk y\u00fcklenmeyece\u011fini kabul, beyan ve taahh\u00fct etmektedir.<\/p>\n<p style=\"padding-left: 40px;\">m) SATICININ, ALICI taraf\u0131ndan siteye kay\u0131t formunda belirtilen veya daha sonra kendisi taraf\u0131ndan g\u00fcncellenen adresi, e-posta adresi, sabit ve mobil telefon hatlar\u0131 ve di\u011fer ileti\u015fim bilgileri \u00fczerinden mektup, e-posta, SMS, telefon g\u00f6r\u00fc\u015fmesi ve di\u011fer yollarla ileti\u015fim, pazarlama, bildirim ve di\u011fer ama\u00e7larla ALICI\u2019ya ula\u015fma hakk\u0131 bulunmaktad\u0131r. ALICI, i\u015fbu s\u00f6zle\u015fmeyi kabul etmekle SATICI\u2019n\u0131n kendisine y\u00f6nelik yukar\u0131da belirtilen ileti\u015fim faaliyetlerinde bulunabilece\u011fini kabul ve beyan etmektedir.<\/p>\n<p><span style=\"font-size: 14pt;\">5) CAYMA HAKKI<\/span><\/p>\n<p style=\"padding-left: 40px;\">a) ALICI, s\u00f6zle\u015fme konusu \u00fcr\u00fcn\u00fcn kendisine veya g\u00f6sterdi\u011fi adresteki ki\u015fi\/kurulu\u015fa tesliminden itibaren 14 (ond\u00f6rt) g\u00fcn i\u00e7inde hi\u00e7bir hukuki ve cezai sorumluluk \u00fcstlenmeksizin ve hi\u00e7bir gerek\u00e7e g\u00f6stermeksizin mal\/hizmetin kullan\u0131lmam\u0131\u015f olmas\u0131 \u015fart\u0131yla cayma hakk\u0131na sahiptir. Cayma hakk\u0131n\u0131n kullan\u0131lmas\u0131 i\u00e7in SATICI\u2019ya yap\u0131lacak olan cayma bildirimi, mal\u0131n tesliminden itibaren 14 (ond\u00f6rt) g\u00fcnl\u00fck s\u00fcre i\u00e7inde Mesafeli Sat\u0131\u015f S\u00f6zle\u015fmelerine Dair Y\u00f6netmelik gere\u011fince ALICI taraf\u0131ndan, yaz\u0131l\u0131 veya bir s\u00fcrekli veri ta\u015f\u0131y\u0131c\u0131s\u0131 yoluyla yap\u0131lmal\u0131d\u0131r. O nedenle ALICI <strong>hello@minisculebyebrar.com<\/strong> adresinden, e-mail yoluyla iade talep etmelidir.<\/p>\n<p>Cayma hakk\u0131n\u0131n kullan\u0131lmas\u0131 halinde,<\/p>\n<p style=\"padding-left: 40px;\">b) Cayma hakk\u0131n\u0131n kullan\u0131ld\u0131\u011f\u0131na ili\u015fkin bildirimin y\u00f6neltildi\u011fi tarihten itibaren 7 (yedi) g\u00fcn i\u00e7inde, \u00fcr\u00fcn ve faturas\u0131 SATICI\u2019ya g\u00f6nderilmek \u00fczere kargoya teslim edilmelidir. (\u0130ade edilmek istenen \u00fcr\u00fcn\u00fcn faturas\u0131 bir kurum ad\u0131na d\u00fczenlenmi\u015f ise, geri iade ederken kurumun d\u00fczenlemi\u015f oldu\u011fu iade faturas\u0131 da gerekmektedir.)<\/p>\n<p style=\"padding-left: 40px;\">c) SATICI, cayma bildiriminin kendisine ula\u015fmas\u0131 ve faturas\u0131yla birlikte \u00fcr\u00fcn\u00fcn kendisine teslim edilmesinden itibaren en ge\u00e7 14 (ond\u00f6rt) g\u00fcnl\u00fck s\u00fcre i\u00e7erisinde toplam bedeli iade etmek ve mal\u0131 iade almakla y\u00fck\u00fcml\u00fcd\u00fcr.<\/p>\n<p style=\"padding-left: 40px;\">d) \u0130ade tutarlar\u0131 sipari\u015f esnas\u0131nda kullan\u0131lan \u00f6deme metodu ile geri \u00f6denir. Al\u0131\u015fveri\u015flere ili\u015fkin iade tutarlar\u0131 ALICI\u2019n\u0131n kredi kart\u0131 hesab\u0131na yap\u0131l\u0131r. Kredi kart\u0131na yap\u0131lacak olan iade \u00f6demelerinde ilgili banka kurallar\u0131 sakl\u0131d\u0131r.<\/p>\n<p><span style=\"font-size: 14pt;\">6) CAYMA HAKKI KULLANILAMAYACAK \u00dcR\u00dcNLER<\/span><\/p>\n<p style=\"padding-left: 40px;\">a) ALICI\u2019n\u0131n \u00f6zel istek ve talepleri uyar\u0131nca \u00fcretilen veya \u00fczerinde de\u011fi\u015fiklik ya da ilaveler yap\u0131larak ki\u015fiye \u00f6zel hale getirilen mallarda; ALICI, cayma hakk\u0131n\u0131 kullanamaz.<\/p>\n<p style=\"padding-left: 40px;\">b) Ambalaj\u0131 a\u00e7\u0131lm\u0131\u015f i\u00e7 giyim, \u00e7orap ve aksesuar \u00fcr\u00fcnlerinde ; ALICI, cayma hakk\u0131n\u0131 kullanamaz.<\/p>\n<p><span style=\"font-size: 14pt;\">7) ALICININ TEMERR\u00dcD\u00dc<\/span><\/p>\n<p>ALICI\u2019n\u0131n temerr\u00fcde d\u00fc\u015fmesi halinde, ALICI, borcun gecikmeli ifas\u0131ndan dolay\u0131 SATICI\u2019n\u0131n olu\u015fan zarar ve ziyan\u0131n\u0131 \u00f6demeyi kabul eder. ALICI\u2019n\u0131n temerr\u00fcd\u00fcn\u00fcn SATICI\u2019n\u0131n kusurundan kaynakland\u0131\u011f\u0131 hallerde ALICI herhangi bir zarar ve ziyan talebini kar\u015f\u0131lamak mecburiyetinde olmayacakt\u0131r.<\/p>\n<p><span style=\"font-size: 14pt;\">8) YETK\u0130L\u0130 MAHKEME<\/span><\/p>\n<p style=\"padding-left: 40px;\">a) \u0130\u015f bu s\u00f6zle\u015fmenin uygulanmas\u0131nda, ALICI \u015fik\u00e2yet ve itirazlar\u0131 konusundaki ba\u015fvurular\u0131n\u0131, T.C. G\u00fcmr\u00fck ve Ticaret Bakanl\u0131\u011f\u0131\u2019nca a\u00e7\u0131klanan de\u011fere kadar ALICI\u2019n\u0131n mal\/hizmeti sat\u0131n ald\u0131\u011f\u0131 veya yerle\u015fim yerinin bulundu\u011fu yerdeki T\u00fcketici Hakem Heyetleri ile T\u00fcketici Mahkemeleri yetkilidir.<\/p>\n<p style=\"padding-left: 40px;\">b) Parasal s\u0131n\u0131ra ili\u015fkin bilgiler a\u015fa\u011f\u0131dad\u0131r:<\/p>\n<p>07\/11\/2013 tarihli ve 6502 say\u0131l\u0131 T\u00fcketicinin Korunmas\u0131 Hakk\u0131nda Kanunun 68inci maddesinde belirlenen usule g\u00f6re 01\/01\/2015 tarihinden itibaren ge\u00e7erli olmak \u00fczere:<\/p>\n<p style=\"padding-left: 40px;\">1- De\u011feri iki bin T\u00fcrk Liras\u0131n\u0131n alt\u0131nda bulunan uyu\u015fmazl\u0131klarda il\u00e7e t\u00fcketici hakem heyetlerine,<\/p>\n<p style=\"padding-left: 40px;\">2- De\u011feri \u00fc\u00e7 bin T\u00fcrk Liras\u0131n\u0131n alt\u0131nda bulunan uyu\u015fmazl\u0131klarda il t\u00fcketici hakem heyetlerine,<\/p>\n<p style=\"padding-left: 40px;\">3- B\u00fcy\u00fck\u015fehir stat\u00fcs\u00fcnde bulunan illerde ise iki bin T\u00fcrk Liras\u0131 ile \u00fc\u00e7 bin T\u00fcrk Liras\u0131 aras\u0131ndaki uyu\u015fmazl\u0131klarda il t\u00fcketici hakem heyetlerine ba\u015fvuru zorunludur. Sipari\u015fin onaylanmas\u0131 durumunda ALICI i\u015fbu s\u00f6zle\u015fmenin t\u00fcm ko\u015fullar\u0131n\u0131 kabul etmi\u015f say\u0131l\u0131r.<\/p>\n<table width=\"0\">\n<tbody>\n<tr>\n<td><strong>SATICI<\/strong><\/td>\n<td>:<\/td>\n<td>Hatice Ebrar Sar\u0131g\u00fcl\u00fc &#8211; Min\u00fcsk\u00fcl Tekstil<\/td>\n<\/tr>\n<tr>\n<td><span style=\"color: #cb724c;\"><strong>ALICI AD SOYAD<\/strong><\/span><\/td>\n<td><span style=\"color: #cb724c;\">:<\/span><\/td>\n<td><\/td>\n<\/tr>\n<tr>\n<td><span style=\"color: #cb724c;\"><strong>TAR\u0130H<\/strong><\/span><\/td>\n<td>:<\/td>\n<td><\/td>\n<\/tr>\n<tr>\n<td><span style=\"color: #cb724c;\"><strong>\u0130MZA<\/strong><\/span><\/td>\n<td>:<\/td>\n<td><\/td>\n<\/tr>\n<\/tbody>\n<\/table>\n<p>&nbsp;<\/p>\n","protected":false},"excerpt":{"rendered":"<p>MESAFEL\u0130 SATI\u015e S\u00d6ZLE\u015eMES\u0130 1) TARAFLAR a) SATICI \u00dcnvan\u0131 : Hatice Ebrar Sar\u0131g\u00fcl\u00fc &#8211; Min\u00fcsk\u00fcl Tekstil Adresi : Akat Mah. Cebeci Sok. Demet Apt. No:4 Daire:2, 34335 Etiler \/ \u0130STANBUL V.D.\/No : Be\u015fikta\u015f &#8211; 7480154748 Mersis : \u0130stanbul &#8211; 1063751403000001 Web Adresi : www.minisculebyebrar.com E-mail : hello@minisculebyebrar.com b) ALICI ALICININ B\u0130LG\u0130LER\u0130 : Ad Soyad:\u00a0 \u00a0 \u00a0&#8230;&#8230;&#8230;&#8230;&#8230;&#8230;&#8230;&#8230;&#8230;&#8230;&#8230;&#8230;&#8230;&#8230;&#8230;&#8230;&#8230;&#8230;&#8230;&#8230;&#8230;&#8230;&#8230;&#8230;&#8230;&#8230;&#8230;&#8230;. [&hellip;]<\/p>\n","protected":false},"author":8,"featured_media":0,"parent":0,"menu_order":0,"comment_status":"closed","ping_status":"closed","template":"","meta":{"footnotes":""},"class_list":["post-109","page","type-page","status-publish","hentry"],"_links":{"self":[{"href":"https:\/\/www.minisculebyebrar.com\/tr\/wp-json\/wp\/v2\/pages\/109","targetHints":{"allow":["GET"]}}],"collection":[{"href":"https:\/\/www.minisculebyebrar.com\/tr\/wp-json\/wp\/v2\/pages"}],"about":[{"href":"https:\/\/www.minisculebyebrar.com\/tr\/wp-json\/wp\/v2\/types\/page"}],"author":[{"embeddable":true,"href":"https:\/\/www.minisculebyebrar.com\/tr\/wp-json\/wp\/v2\/users\/8"}],"replies":[{"embeddable":true,"href":"https:\/\/www.minisculebyebrar.com\/tr\/wp-json\/wp\/v2\/comments?post=109"}],"version-history":[{"count":0,"href":"https:\/\/www.minisculebyebrar.com\/tr\/wp-json\/wp\/v2\/pages\/109\/revisions"}],"wp:attachment":[{"href":"https:\/\/www.minisculebyebrar.com\/tr\/wp-json\/wp\/v2\/media?parent=109"}],"curies":[{"name":"wp","href":"https:\/\/api.w.org\/{rel}","templated":true}]}}