{"id":16899,"date":"2020-10-10T12:09:09","date_gmt":"2020-10-10T09:09:09","guid":{"rendered":"https:\/\/www.minisculebyebrar.com\/?page_id=16899"},"modified":"2023-03-13T13:34:22","modified_gmt":"2023-03-13T10:34:22","slug":"surdurebilirlik","status":"publish","type":"page","link":"https:\/\/www.minisculebyebrar.com\/tr\/surdurebilirlik\/","title":{"rendered":"S\u00fcrd\u00fcrebilirlik"},"content":{"rendered":"<div class=\"wpb-content-wrapper\"><p>[vc_row][vc_column][vc_column_text]<\/p>\n<h2 style=\"text-align: center;\"><\/h2>\n<h2 style=\"text-align: center;\"><span style=\"font-size: 20pt; font-family: futura-regular;\"><span style=\"color: #cf7045;\">S\u00fcrd\u00fcr\u00fclebilir Bir D\u00fcnya \u0130\u00e7in Etik Moda Bilinci<\/span><\/span><\/h2>\n<p style=\"text-align: center;\"><span style=\"font-size: 10pt;\">Markam\u0131z\u0131n temelini olu\u015fturan ve \u00fcretimimizi etraf\u0131nda \u015fekillendirdi\u011fimiz en \u00f6nemli kavramlardan biri \u201cs\u00fcrd\u00fcr\u00fclebilirlik\u201d. Do\u011faya, insana, eme\u011fe, yarat\u0131c\u0131l\u0131\u011fa ve karl\u0131l\u0131\u011fa e\u015fit derecede \u00f6nem veren etik moda sisteminin m\u00fcmk\u00fcn oldu\u011funu d\u00fc\u015f\u00fcn\u00fcyoruz. Bu sisteme g\u00f6re bir kurumun veya markan\u0131n performans\u0131 sadece karl\u0131l\u0131k oran\u0131 ile de\u011fil \u00e7al\u0131\u015fanlar\u0131na ve yery\u00fcz\u00fcne katt\u0131\u011f\u0131 de\u011ferler ile de \u00f6l\u00e7\u00fclebilmeli. Kurulu\u015flar do\u011faya ve canl\u0131lar\u0131n ya\u015fam hakk\u0131na y\u00fcksek seviyede katk\u0131 sa\u011flad\u0131\u011f\u0131 s\u00fcrece etik moda \u00e7er\u00e7evesinde s\u00fcrd\u00fcr\u00fclebilirlik ilkesine de hizmet ederler. Biz <span style=\"font-weight: 600;\">minisc\u00fale by ebrar<\/span> ekibi olarak bu s\u00fcrd\u00fcr\u00fclebilir moda anlay\u0131\u015f\u0131m\u0131z\u0131 \u00fc\u00e7 alt ba\u015fl\u0131kta \u00f6zetliyoruz:<\/span><\/p>\n<p style=\"text-align: center;\"><span style=\"font-size: 10pt;\"><span style=\"font-weight: 600;\">\u0130nsana duyarl\u0131l\u0131k:<\/span> \u00dcr\u00fcnlerimiz, insan sa\u011fl\u0131\u011f\u0131na duyarl\u0131 Pamuk ve Y\u00fcn gibi do\u011fal lifli ve Lyocell (Tencel) gibi odun hamuru sel\u00fclozundan elde edilen rejenere lifli kuma\u015flardan olu\u015fuyor. Tasar\u0131mlar\u0131m\u0131z\u0131 giyen \u00e7ocuklar\u0131n sa\u011fl\u0131\u011f\u0131n\u0131 d\u00fc\u015f\u00fcn\u00fcrken ki\u015filerin ya\u015fam haklar\u0131na uygun \u015fartlarda butik \u00fcretim yap\u0131lmas\u0131n\u0131 da \u00f6nemsiyor, her a\u015famada etik de\u011ferleri g\u00f6zetiyoruz.<\/span><\/p>\n<p style=\"text-align: center;\"><span style=\"font-size: 10pt;\"><span style=\"font-weight: 600;\">\u00c7evreye duyarl\u0131l\u0131k:<\/span><\/span> <span style=\"font-size: 10pt;\">Tasar\u0131mlar\u0131m\u0131z\u0131n \u00f6z\u00fcnde do\u011fa sevgisi ve do\u011fay\u0131 koruma arzusu yat\u0131yor. Koleksiyonlar\u0131m\u0131zda, \u00e7evre dostu tesislerde zararl\u0131 madde t\u00fcketimi olmadan OEKO-TEX standartlar\u0131na uygun \u00fcretilen kuma\u015flar se\u00e7meye \u00f6zen g\u00f6steriyoruz. Kimyevi boyalar i\u00e7ermeyen, geri d\u00f6n\u00fc\u015ft\u00fcr\u00fclm\u00fc\u015f ve \u00e7evreye duyarl\u0131 bu ekolojik kuma\u015flar sayesinde kaynak t\u00fcketiminin azalt\u0131lmas\u0131na da yard\u0131mc\u0131 oluyoruz.<\/span><\/p>\n<p style=\"text-align: center;\"><span style=\"font-size: 10pt;\"><span style=\"font-weight: 600;\">Ekonomik duyarl\u0131l\u0131k:<\/span> <\/span> <span style=\"font-size: 10pt;\">Hem \u00fcretici de hem son kullan\u0131c\u0131 taraf\u0131nda ekonomik yarar sa\u011flayan i\u015f modelimiz s\u00fcrd\u00fcr\u00fclebilir modada ta\u015flar\u0131 yerine oturtuyor. <\/span> <span style=\"font-size: 10pt;\">D\u00f6n\u00fc\u015ft\u00fcr\u00fclm\u00fc\u015f ekolojik kuma\u015flar ile kuma\u015f at\u0131\u011f\u0131ndan sarfiyat sa\u011fl\u0131yor, do\u011fal lif kaynaklar\u0131n\u0131n fazla t\u00fcketimi yerine benzer \u00f6zelliklere sahip Lyocell (Tencel) kuma\u015flar ile kombinasyon tasar\u0131mlar yap\u0131yoruz. Olu\u015fturdu\u011fumuz \u201c\u0130kinci Yeni\u201d kavram\u0131yla da \u00e7ocuklar\u0131n h\u0131zl\u0131 b\u00fcy\u00fcme s\u00fcrelerinden kaynaklanan k\u0131yafetlerin k\u0131sa s\u00fcreli kullan\u0131m\u0131n\u0131n \u00f6n\u00fcne ge\u00e7iyor ve \u00fcretimden do\u011fan at\u0131klar\u0131 g\u00f6z \u00f6n\u00fcnde bulundurarak hammaddelerin ve eme\u011fin \u00f6mr\u00fcn\u00fc uzat\u0131yoruz<\/span>.<\/p>\n<h2 style=\"text-align: center;\"><\/h2>\n<p style=\"text-align: center;\"><a href=\"https:\/\/www.minisculebyebrar.com\/wp-content\/uploads\/2020\/11\/de.png\"><img loading=\"lazy\" decoding=\"async\" class=\"aligncenter wp-image-18306\" src=\"https:\/\/www.minisculebyebrar.com\/wp-content\/uploads\/2020\/11\/de-300x300.png\" alt=\"\" width=\"500\" height=\"500\" srcset=\"https:\/\/www.minisculebyebrar.com\/wp-content\/uploads\/2020\/11\/de-300x300.png 300w, https:\/\/www.minisculebyebrar.com\/wp-content\/uploads\/2020\/11\/de-100x100.png 100w, https:\/\/www.minisculebyebrar.com\/wp-content\/uploads\/2020\/11\/de-600x600.png 600w, https:\/\/www.minisculebyebrar.com\/wp-content\/uploads\/2020\/11\/de-150x150.png 150w, https:\/\/www.minisculebyebrar.com\/wp-content\/uploads\/2020\/11\/de-768x768.png 768w, https:\/\/www.minisculebyebrar.com\/wp-content\/uploads\/2020\/11\/de-480x480.png 480w, https:\/\/www.minisculebyebrar.com\/wp-content\/uploads\/2020\/11\/de-46x46.png 46w, https:\/\/www.minisculebyebrar.com\/wp-content\/uploads\/2020\/11\/de-50x50.png 50w, https:\/\/www.minisculebyebrar.com\/wp-content\/uploads\/2020\/11\/de.png 960w\" sizes=\"auto, (max-width: 500px) 100vw, 500px\" \/><\/a><\/p>\n<p>[\/vc_column_text][\/vc_column][\/vc_row]<\/p>\n<\/div>","protected":false},"excerpt":{"rendered":"<p>[vc_row][vc_column][vc_column_text] S\u00fcrd\u00fcr\u00fclebilir Bir D\u00fcnya \u0130\u00e7in Etik Moda Bilinci Markam\u0131z\u0131n temelini olu\u015fturan ve \u00fcretimimizi etraf\u0131nda \u015fekillendirdi\u011fimiz en \u00f6nemli kavramlardan biri \u201cs\u00fcrd\u00fcr\u00fclebilirlik\u201d. Do\u011faya, insana, eme\u011fe, yarat\u0131c\u0131l\u0131\u011fa ve karl\u0131l\u0131\u011fa e\u015fit derecede \u00f6nem veren etik moda sisteminin m\u00fcmk\u00fcn oldu\u011funu d\u00fc\u015f\u00fcn\u00fcyoruz. Bu sisteme g\u00f6re bir kurumun veya markan\u0131n performans\u0131 sadece karl\u0131l\u0131k oran\u0131 ile de\u011fil \u00e7al\u0131\u015fanlar\u0131na ve yery\u00fcz\u00fcne katt\u0131\u011f\u0131 de\u011ferler ile [&hellip;]<\/p>\n","protected":false},"author":8,"featured_media":0,"parent":0,"menu_order":0,"comment_status":"closed","ping_status":"closed","template":"","meta":{"footnotes":""},"class_list":["post-16899","page","type-page","status-publish","hentry"],"_links":{"self":[{"href":"https:\/\/www.minisculebyebrar.com\/tr\/wp-json\/wp\/v2\/pages\/16899","targetHints":{"allow":["GET"]}}],"collection":[{"href":"https:\/\/www.minisculebyebrar.com\/tr\/wp-json\/wp\/v2\/pages"}],"about":[{"href":"https:\/\/www.minisculebyebrar.com\/tr\/wp-json\/wp\/v2\/types\/page"}],"author":[{"embeddable":true,"href":"https:\/\/www.minisculebyebrar.com\/tr\/wp-json\/wp\/v2\/users\/8"}],"replies":[{"embeddable":true,"href":"https:\/\/www.minisculebyebrar.com\/tr\/wp-json\/wp\/v2\/comments?post=16899"}],"version-history":[{"count":0,"href":"https:\/\/www.minisculebyebrar.com\/tr\/wp-json\/wp\/v2\/pages\/16899\/revisions"}],"wp:attachment":[{"href":"https:\/\/www.minisculebyebrar.com\/tr\/wp-json\/wp\/v2\/media?parent=16899"}],"curies":[{"name":"wp","href":"https:\/\/api.w.org\/{rel}","templated":true}]}}