{"id":16901,"date":"2020-10-10T12:10:45","date_gmt":"2020-10-10T09:10:45","guid":{"rendered":"https:\/\/www.minisculebyebrar.com\/?page_id=16901"},"modified":"2023-07-11T13:20:46","modified_gmt":"2023-07-11T10:20:46","slug":"ikinci-el","status":"publish","type":"page","link":"https:\/\/www.minisculebyebrar.com\/tr\/ikinci-el\/","title":{"rendered":"\u0130kinci El"},"content":{"rendered":"<div class=\"wpb-content-wrapper\"><p>[vc_row][vc_column][vc_column_text css_animation=&#8221;fadeIn&#8221;]<\/p>\n<h2><\/h2>\n<h2 style=\"text-align: center;\"><span style=\"font-size: 20pt; font-family: futura-regular;\"><span style=\"color: #cf7045;\">\u0130kinci Yeni D\u00f6ng\u00fcs\u00fc ile Yeniden Hayat Bulan K\u0131yafetler<\/span><\/span><\/h2>\n<p style=\"text-align: center;\"><span style=\"font-size: 10pt; font-family: futura-regular;\">S\u00fcrd\u00fcr\u00fclebilir moda anlay\u0131\u015f\u0131n\u0131n bir par\u00e7as\u0131 olarak \u201c\u0130kinci Yeni\u201d kavram\u0131 markam\u0131z i\u00e7in b\u00fcy\u00fck \u00f6nem ta\u015f\u0131yor. \u00c7ocuklar\u0131n h\u0131zl\u0131 geli\u015fmesinden kaynakl\u0131 k\u0131sa k\u0131yafet s\u00fcrelerine bir \u00e7\u00f6z\u00fcm olarak geli\u015ftirdi\u011fimiz bu se\u00e7enek ekonomik duyarl\u0131l\u0131\u011f\u0131m\u0131z\u0131 da destekliyor. Eme\u011fe ve do\u011fal kaynaklara duydu\u011fumuz sayg\u0131 \u00e7er\u00e7evesinde tasarlad\u0131\u011f\u0131m\u0131z \u00fcr\u00fcnleri yeniden dola\u015f\u0131ma sunarak; <\/span><\/p>\n<p style=\"text-align: center;\"><span style=\"font-size: 10pt; font-family: futura-regular;\">\u2022 Do\u011fal kaynaklar\u0131n t\u00fcketimini azaltarak ekolojik dengeye fayda sa\u011fl\u0131yor,<br \/>\n<\/span><span style=\"font-size: 10pt; font-family: futura-regular;\">\u2022 Bilin\u00e7li t\u00fcketim ile geri d\u00f6n\u00fc\u015f\u00fcme katk\u0131da bulunuyor,<br \/>\n<\/span><span style=\"font-size: 10pt; font-family: futura-regular;\">\u2022 \u0130nsan eme\u011fi sarfiyat\u0131n\u0131n \u00f6n\u00fcne ge\u00e7iyor,<br \/>\n<\/span><span style=\"font-size: 10pt; font-family: futura-regular;\">\u2022 Ekonomik se\u00e7enekler sunarak \u00fcr\u00fcnlerimizin eri\u015filebilirli\u011fini artt\u0131r\u0131yoruz.<\/span><\/p>\n<p style=\"text-align: center;\"><span style=\"font-size: 10pt; font-family: futura-regular;\">&#8220;\u0130kinci Yeni&#8221; b\u00f6l\u00fcm\u00fcm\u00fczde s\u00fcrd\u00fcr\u00fclebilirlik ad\u0131na fark\u0131ndal\u0131k yarat\u0131rken \u00fcr\u00fcnlerini bu alanda kullan\u0131lmak \u00fczere getiren bilin\u00e7li t\u00fcketicilere de indirim kodu f\u0131rsat\u0131 sunuyor, yarat\u0131lan ekonomik faydan\u0131n bir par\u00e7as\u0131 olmalar\u0131n\u0131 sa\u011fl\u0131yoruz.<\/span><\/p>\n<h2 style=\"text-align: center;\"><\/h2>\n<p><a href=\"https:\/\/www.minisculebyebrar.com\/wp-content\/uploads\/2020\/11\/rfghr.png\"><img loading=\"lazy\" decoding=\"async\" class=\"wp-image-18312 size-full aligncenter\" src=\"https:\/\/www.minisculebyebrar.com\/wp-content\/uploads\/2020\/11\/rfghr.png\" alt=\"\" width=\"500\" height=\"330\" srcset=\"https:\/\/www.minisculebyebrar.com\/wp-content\/uploads\/2020\/11\/rfghr.png 500w, https:\/\/www.minisculebyebrar.com\/wp-content\/uploads\/2020\/11\/rfghr-300x198.png 300w\" sizes=\"auto, (max-width: 500px) 100vw, 500px\" \/><\/a>[\/vc_column_text][\/vc_column][\/vc_row]<\/p>\n<\/div>","protected":false},"excerpt":{"rendered":"<p>[vc_row][vc_column][vc_column_text css_animation=&#8221;fadeIn&#8221;] \u0130kinci Yeni D\u00f6ng\u00fcs\u00fc ile Yeniden Hayat Bulan K\u0131yafetler S\u00fcrd\u00fcr\u00fclebilir moda anlay\u0131\u015f\u0131n\u0131n bir par\u00e7as\u0131 olarak \u201c\u0130kinci Yeni\u201d kavram\u0131 markam\u0131z i\u00e7in b\u00fcy\u00fck \u00f6nem ta\u015f\u0131yor. \u00c7ocuklar\u0131n h\u0131zl\u0131 geli\u015fmesinden kaynakl\u0131 k\u0131sa k\u0131yafet s\u00fcrelerine bir \u00e7\u00f6z\u00fcm olarak geli\u015ftirdi\u011fimiz bu se\u00e7enek ekonomik duyarl\u0131l\u0131\u011f\u0131m\u0131z\u0131 da destekliyor. Eme\u011fe ve do\u011fal kaynaklara duydu\u011fumuz sayg\u0131 \u00e7er\u00e7evesinde tasarlad\u0131\u011f\u0131m\u0131z \u00fcr\u00fcnleri yeniden dola\u015f\u0131ma sunarak; \u2022 Do\u011fal [&hellip;]<\/p>\n","protected":false},"author":8,"featured_media":0,"parent":0,"menu_order":0,"comment_status":"closed","ping_status":"closed","template":"","meta":{"footnotes":""},"class_list":["post-16901","page","type-page","status-publish","hentry"],"_links":{"self":[{"href":"https:\/\/www.minisculebyebrar.com\/tr\/wp-json\/wp\/v2\/pages\/16901","targetHints":{"allow":["GET"]}}],"collection":[{"href":"https:\/\/www.minisculebyebrar.com\/tr\/wp-json\/wp\/v2\/pages"}],"about":[{"href":"https:\/\/www.minisculebyebrar.com\/tr\/wp-json\/wp\/v2\/types\/page"}],"author":[{"embeddable":true,"href":"https:\/\/www.minisculebyebrar.com\/tr\/wp-json\/wp\/v2\/users\/8"}],"replies":[{"embeddable":true,"href":"https:\/\/www.minisculebyebrar.com\/tr\/wp-json\/wp\/v2\/comments?post=16901"}],"version-history":[{"count":0,"href":"https:\/\/www.minisculebyebrar.com\/tr\/wp-json\/wp\/v2\/pages\/16901\/revisions"}],"wp:attachment":[{"href":"https:\/\/www.minisculebyebrar.com\/tr\/wp-json\/wp\/v2\/media?parent=16901"}],"curies":[{"name":"wp","href":"https:\/\/api.w.org\/{rel}","templated":true}]}}