{"id":16913,"date":"2020-10-10T12:29:18","date_gmt":"2020-10-10T09:29:18","guid":{"rendered":"https:\/\/www.minisculebyebrar.com\/?page_id=16913"},"modified":"2021-02-01T12:35:31","modified_gmt":"2021-02-01T09:35:31","slug":"odeme-yontemleri","status":"publish","type":"page","link":"https:\/\/www.minisculebyebrar.com\/tr\/odeme-yontemleri\/","title":{"rendered":"\u00d6deme Y\u00f6ntemleri"},"content":{"rendered":"<div class=\"wpb-content-wrapper\"><p>[vc_row][vc_column][vc_column_text]<\/p>\n<p style=\"text-align: center;\"><span style=\"font-size: 20pt; color: #cb724c;\">\u00d6DEME Y\u00d6NTEMLER\u0130<\/span><\/p>\n<h4><span style=\"font-weight: 600; color: #0a5a57;\">Kredi Kart\u0131<\/span><\/h4>\n<p>\u00d6deme sayfas\u0131ndaki al\u0131\u015fveri\u015fleriniz Visa, Mastercard, American Express veya Troy kredi kart\u0131 se\u00e7enekleriyle tamamlanabilmektedir.<\/p>\n<p>Kredi kart\u0131 \u00f6demeleriniz esnas\u0131nda t\u00fcm bilgileriniz, <span style=\"font-weight: 600;\">iyzico<\/span> Sanal POS sistemi \u00fczerinden otomatik olarak ilgili i\u015flemlerin yap\u0131ld\u0131\u011f\u0131 bankaya ula\u015fmakta ve <span style=\"font-weight: 600;\">minisculebyebrar.com<\/span> \u2018a hi\u00e7bir \u015fekilde aktar\u0131lmamaktad\u0131r.<\/p>\n<h4><span style=\"font-weight: 600; color: #0a5a57;\">Yurt \u0130\u00e7i &#8211; Para Transferi<\/span><\/h4>\n<p>Sipari\u015finizi \u201cBanka Hesab\u0131\u201d y\u00f6ntemi ile tamamlad\u0131ktan sonra, 2 i\u015f g\u00fcn\u00fc i\u00e7erisinde a\u015fa\u011f\u0131da belirtilen hesaplardan birini kullanarak \u00f6deme yapman\u0131z gerekmektedir.\u00a0Transfer i\u015flemi a\u00e7\u0131klamas\u0131nda sipari\u015f numaran\u0131z\u0131 belirtmeniz \u00f6nemlidir.<\/p>\n<p>\u00d6deme ger\u00e7ekle\u015ftikten sonra, dekontunuzun <span style=\"font-weight: 600; color: #cb724c;\"><a style=\"color: #cb724c;\" href=\"mailto:hello@minisculebyebrar.com\">hello@minisculebyebrar.com<\/a><\/span>\u00a0adresine g\u00f6nderilmesini rica ederiz.<\/p>\n<p><span style=\"font-weight: 600;\">TL<\/span>\u00a0 HALKBANK \/ Hatice Ebrar Sar\u0131g\u00fcll\u00fc, TR94 0001 2009 8600 0009 0007 59<\/p>\n<p><span style=\"font-weight: 600;\">TL<\/span> AKBANK \/ Hatice Ebrar Sar\u0131g\u00fcll\u00fc, TR80 0004 6006 0788 8000 1210 28<\/p>\n<p><span style=\"font-weight: 600;\">TL<\/span>\u00a0GARANT\u0130 \/ Hatice Ebrar Sar\u0131g\u00fcll\u00fc, TR53 0006 2000 7350 0006 2982 79<\/p>\n<h4><span style=\"font-weight: 600; color: #0a5a57;\">Yurt D\u0131\u015f\u0131 &#8211; Para Transferi<\/span><\/h4>\n<p>Uluslararas\u0131 bireysel sat\u0131\u015flarda bu y\u00f6ntem pratik ve ekonomik olmad\u0131\u011f\u0131 i\u00e7in tavsiye edilmemektedir.<\/p>\n<p>Bu y\u00f6ntemi tercih etmeniz durumunda; sipari\u015finizi \u201cBanka Hesab\u0131\u201d y\u00f6ntemi ile tamamlad\u0131ktan sonra, 2 i\u015f g\u00fcn\u00fc i\u00e7erisinde a\u015fa\u011f\u0131da belirtilen hesaplardan birini kullanarak \u00f6deme yapman\u0131z gerekmektedir.\u00a0Transfer i\u015flemi a\u00e7\u0131klamas\u0131nda sipari\u015f numaras\u0131n\u0131 belirtmeniz \u00f6nemlidir.<\/p>\n<p>\u00d6deme ger\u00e7ekle\u015ftikten sonra, dekontunuzun <span style=\"font-weight: 600; color: #cb724c;\"><a style=\"color: #cb724c;\" href=\"mailto:hello@minisculebyebrar.com\">hello@minisculebyebrar.com<\/a><\/span>\u00a0adresine g\u00f6nderilmesini rica ederiz.<\/p>\n<p>ALICI BANKA: Turkiye Halk Bankas\u0131<\/p>\n<p>ALICI BANKA ADRES: Barbaros Mah. Sebboy Sok. No:4\/1, Atasehir 34746, Istanbul, Turkey<\/p>\n<p>ALICI BANKA BIC \/ SWIFT KOD: TRHBTR2A<\/p>\n<p>ALICI HESAP ADI: Hatice Ebrar Sarigullu<\/p>\n<p>ALICI HESAP IBAN <span style=\"font-weight: 600;\">USD<\/span>: TR69 0001 2009 8600 0053 0006 03<\/p>\n<p>ALICI HESAP IBAN <span style=\"font-weight: 600;\">EUR<\/span>: TR49 0001 2009 8600 0058 0003 43[\/vc_column_text][\/vc_column][\/vc_row]<\/p>\n<\/div>","protected":false},"excerpt":{"rendered":"<p>[vc_row][vc_column][vc_column_text] \u00d6DEME Y\u00d6NTEMLER\u0130 Kredi Kart\u0131 \u00d6deme sayfas\u0131ndaki al\u0131\u015fveri\u015fleriniz Visa, Mastercard, American Express veya Troy kredi kart\u0131 se\u00e7enekleriyle tamamlanabilmektedir. Kredi kart\u0131 \u00f6demeleriniz esnas\u0131nda t\u00fcm bilgileriniz, iyzico Sanal POS sistemi \u00fczerinden otomatik olarak ilgili i\u015flemlerin yap\u0131ld\u0131\u011f\u0131 bankaya ula\u015fmakta ve minisculebyebrar.com \u2018a hi\u00e7bir \u015fekilde aktar\u0131lmamaktad\u0131r. Yurt \u0130\u00e7i &#8211; Para Transferi Sipari\u015finizi \u201cBanka Hesab\u0131\u201d y\u00f6ntemi ile tamamlad\u0131ktan sonra, 2 [&hellip;]<\/p>\n","protected":false},"author":8,"featured_media":0,"parent":0,"menu_order":0,"comment_status":"closed","ping_status":"closed","template":"","meta":{"footnotes":""},"class_list":["post-16913","page","type-page","status-publish","hentry"],"_links":{"self":[{"href":"https:\/\/www.minisculebyebrar.com\/tr\/wp-json\/wp\/v2\/pages\/16913","targetHints":{"allow":["GET"]}}],"collection":[{"href":"https:\/\/www.minisculebyebrar.com\/tr\/wp-json\/wp\/v2\/pages"}],"about":[{"href":"https:\/\/www.minisculebyebrar.com\/tr\/wp-json\/wp\/v2\/types\/page"}],"author":[{"embeddable":true,"href":"https:\/\/www.minisculebyebrar.com\/tr\/wp-json\/wp\/v2\/users\/8"}],"replies":[{"embeddable":true,"href":"https:\/\/www.minisculebyebrar.com\/tr\/wp-json\/wp\/v2\/comments?post=16913"}],"version-history":[{"count":0,"href":"https:\/\/www.minisculebyebrar.com\/tr\/wp-json\/wp\/v2\/pages\/16913\/revisions"}],"wp:attachment":[{"href":"https:\/\/www.minisculebyebrar.com\/tr\/wp-json\/wp\/v2\/media?parent=16913"}],"curies":[{"name":"wp","href":"https:\/\/api.w.org\/{rel}","templated":true}]}}