{"id":16923,"date":"2020-10-10T14:24:15","date_gmt":"2020-10-10T11:24:15","guid":{"rendered":"https:\/\/www.minisculebyebrar.com\/?page_id=16923"},"modified":"2024-05-29T15:56:20","modified_gmt":"2024-05-29T12:56:20","slug":"koleksiyon","status":"publish","type":"page","link":"https:\/\/www.minisculebyebrar.com\/tr\/koleksiyon\/","title":{"rendered":"KOLEKS\u0130YON"},"content":{"rendered":"<div class=\"wpb-content-wrapper\"><p>[vc_row][vc_column][vc_column_text]<\/p>\n<p style=\"text-align: center;\"><span style=\"font-size: 18pt;\">Toptan sat\u0131\u015f i\u00e7in <span style=\"color: #cf7045;\"><a style=\"color: #cf7045;\" href=\"mailto:hello@minisculebyebrar.com\">hello@minisculebyebrar.com<\/a> <\/span>adresinden ileti\u015fime ge\u00e7ebilirsiniz.<\/span><\/p>\n<p>[\/vc_column_text][\/vc_column][\/vc_row][vc_row css=&#8221;.vc_custom_1637244465453{margin-top: 30px !important;margin-bottom: 50px !important;}&#8221;][vc_column width=&#8221;1\/4&#8243;]\t\t<div class=\"ts-banner-image ts-effect-image  eff-image-opacity ts-banner-image-1 left-top  \">\n\t\t\t<div class=\"ts-shortcode-custom-style hidden\">.ts-banner-image-1:hover .overlay{background-color:rgba(255,255,255,0.7)}<\/div>\t\t\t<a title=\"\" target=\"_blank\" class=\"image-link\" href=\"https:\/\/www.minisculebyebrar.com\/sunn\/collection\/SS23.pdf\" >\n\t\t\t\t<img loading=\"lazy\" decoding=\"async\" width=\"2560\" height=\"2560\" src=\"https:\/\/www.minisculebyebrar.com\/wp-content\/uploads\/2022\/07\/SUNN-COLLECTION-SS23-KAPAK-scaled.jpg\" class=\"img bg-image\" alt=\"\" srcset=\"https:\/\/www.minisculebyebrar.com\/wp-content\/uploads\/2022\/07\/SUNN-COLLECTION-SS23-KAPAK-scaled.jpg 2560w, https:\/\/www.minisculebyebrar.com\/wp-content\/uploads\/2022\/07\/SUNN-COLLECTION-SS23-KAPAK-300x300.jpg 300w, https:\/\/www.minisculebyebrar.com\/wp-content\/uploads\/2022\/07\/SUNN-COLLECTION-SS23-KAPAK-1024x1024.jpg 1024w, https:\/\/www.minisculebyebrar.com\/wp-content\/uploads\/2022\/07\/SUNN-COLLECTION-SS23-KAPAK-150x150.jpg 150w, https:\/\/www.minisculebyebrar.com\/wp-content\/uploads\/2022\/07\/SUNN-COLLECTION-SS23-KAPAK-768x768.jpg 768w, https:\/\/www.minisculebyebrar.com\/wp-content\/uploads\/2022\/07\/SUNN-COLLECTION-SS23-KAPAK-480x480.jpg 480w, https:\/\/www.minisculebyebrar.com\/wp-content\/uploads\/2022\/07\/SUNN-COLLECTION-SS23-KAPAK-100x100.jpg 100w, https:\/\/www.minisculebyebrar.com\/wp-content\/uploads\/2022\/07\/SUNN-COLLECTION-SS23-KAPAK-1536x1536.jpg 1536w, https:\/\/www.minisculebyebrar.com\/wp-content\/uploads\/2022\/07\/SUNN-COLLECTION-SS23-KAPAK-2048x2048.jpg 2048w, https:\/\/www.minisculebyebrar.com\/wp-content\/uploads\/2022\/07\/SUNN-COLLECTION-SS23-KAPAK-24x24.jpg 24w, https:\/\/www.minisculebyebrar.com\/wp-content\/uploads\/2022\/07\/SUNN-COLLECTION-SS23-KAPAK-36x36.jpg 36w, https:\/\/www.minisculebyebrar.com\/wp-content\/uploads\/2022\/07\/SUNN-COLLECTION-SS23-KAPAK-48x48.jpg 48w, https:\/\/www.minisculebyebrar.com\/wp-content\/uploads\/2022\/07\/SUNN-COLLECTION-SS23-KAPAK-46x46.jpg 46w, https:\/\/www.minisculebyebrar.com\/wp-content\/uploads\/2022\/07\/SUNN-COLLECTION-SS23-KAPAK-600x600.jpg 600w, https:\/\/www.minisculebyebrar.com\/wp-content\/uploads\/2022\/07\/SUNN-COLLECTION-SS23-KAPAK-50x50.jpg 50w\" sizes=\"auto, (max-width: 2560px) 100vw, 2560px\" \/>\t\t\t\t<span class=\"overlay\"><\/span>\n\t\t\t<\/a>\n\t\t<\/div>\n\t\t[vc_btn title=&#8221;SUNN COLLECTION -SS23&#8243; color=&#8221;orange&#8221; size=&#8221;lg&#8221; align=&#8221;center&#8221; i_align=&#8221;right&#8221; i_icon_fontawesome=&#8221;far fa-file-pdf&#8221; button_block=&#8221;true&#8221; add_icon=&#8221;true&#8221; link=&#8221;url:https%3A%2F%2Fminisculebyebrar.com%2Fsunn%2Fcollection%2FSS23.pdf&#8221;][\/vc_column][vc_column width=&#8221;1\/4&#8243;]\t\t<div class=\"ts-banner-image ts-effect-image  eff-image-opacity ts-banner-image-2 left-top  \">\n\t\t\t<div class=\"ts-shortcode-custom-style hidden\">.ts-banner-image-2:hover .overlay{background-color:rgba(255,255,255,0.7)}<\/div>\t\t\t<a title=\"\" target=\"_blank\" class=\"image-link\" href=\"https:\/\/www.minisculebyebrar.com\/bo\/collection\/AW22.pdf\" >\n\t\t\t\t<img loading=\"lazy\" decoding=\"async\" width=\"1181\" height=\"1181\" src=\"https:\/\/www.minisculebyebrar.com\/wp-content\/uploads\/2022\/07\/BO-COLLECTION-AW22-KAPAK.jpg\" class=\"img bg-image\" alt=\"\" srcset=\"https:\/\/www.minisculebyebrar.com\/wp-content\/uploads\/2022\/07\/BO-COLLECTION-AW22-KAPAK.jpg 1181w, https:\/\/www.minisculebyebrar.com\/wp-content\/uploads\/2022\/07\/BO-COLLECTION-AW22-KAPAK-300x300.jpg 300w, https:\/\/www.minisculebyebrar.com\/wp-content\/uploads\/2022\/07\/BO-COLLECTION-AW22-KAPAK-1024x1024.jpg 1024w, https:\/\/www.minisculebyebrar.com\/wp-content\/uploads\/2022\/07\/BO-COLLECTION-AW22-KAPAK-150x150.jpg 150w, https:\/\/www.minisculebyebrar.com\/wp-content\/uploads\/2022\/07\/BO-COLLECTION-AW22-KAPAK-768x768.jpg 768w, https:\/\/www.minisculebyebrar.com\/wp-content\/uploads\/2022\/07\/BO-COLLECTION-AW22-KAPAK-480x480.jpg 480w, https:\/\/www.minisculebyebrar.com\/wp-content\/uploads\/2022\/07\/BO-COLLECTION-AW22-KAPAK-100x100.jpg 100w, https:\/\/www.minisculebyebrar.com\/wp-content\/uploads\/2022\/07\/BO-COLLECTION-AW22-KAPAK-24x24.jpg 24w, https:\/\/www.minisculebyebrar.com\/wp-content\/uploads\/2022\/07\/BO-COLLECTION-AW22-KAPAK-36x36.jpg 36w, https:\/\/www.minisculebyebrar.com\/wp-content\/uploads\/2022\/07\/BO-COLLECTION-AW22-KAPAK-48x48.jpg 48w, https:\/\/www.minisculebyebrar.com\/wp-content\/uploads\/2022\/07\/BO-COLLECTION-AW22-KAPAK-46x46.jpg 46w, https:\/\/www.minisculebyebrar.com\/wp-content\/uploads\/2022\/07\/BO-COLLECTION-AW22-KAPAK-600x600.jpg 600w, https:\/\/www.minisculebyebrar.com\/wp-content\/uploads\/2022\/07\/BO-COLLECTION-AW22-KAPAK-50x50.jpg 50w\" sizes=\"auto, (max-width: 1181px) 100vw, 1181px\" \/>\t\t\t\t<span class=\"overlay\"><\/span>\n\t\t\t<\/a>\n\t\t<\/div>\n\t\t[vc_btn title=&#8221;BO COLLECTION &#8211; AW22&#8243; color=&#8221;orange&#8221; size=&#8221;lg&#8221; align=&#8221;center&#8221; i_align=&#8221;right&#8221; i_icon_fontawesome=&#8221;far fa-file-pdf&#8221; button_block=&#8221;true&#8221; add_icon=&#8221;true&#8221; link=&#8221;url:https%3A%2F%2Fminisculebyebrar.com%2Fbo%2Fcollection%2FAW22.pdf&#8221;][\/vc_column][vc_column width=&#8221;1\/4&#8243;]\t\t<div class=\"ts-banner-image ts-effect-image  eff-image-opacity ts-banner-image-3 left-top  \">\n\t\t\t<div class=\"ts-shortcode-custom-style hidden\">.ts-banner-image-3:hover .overlay{background-color:rgba(255,255,255,0.7)}<\/div>\t\t\t<a title=\"\" target=\"_blank\" class=\"image-link\" href=\"https:\/\/www.minisculebyebrar.com\/sunn\/collection\/SS22.pdf\" >\n\t\t\t\t<img loading=\"lazy\" decoding=\"async\" width=\"1181\" height=\"1181\" src=\"https:\/\/www.minisculebyebrar.com\/wp-content\/uploads\/2021\/11\/2-SUNN-KAPAK.jpg\" class=\"img bg-image\" alt=\"\" srcset=\"https:\/\/www.minisculebyebrar.com\/wp-content\/uploads\/2021\/11\/2-SUNN-KAPAK.jpg 1181w, https:\/\/www.minisculebyebrar.com\/wp-content\/uploads\/2021\/11\/2-SUNN-KAPAK-300x300.jpg 300w, https:\/\/www.minisculebyebrar.com\/wp-content\/uploads\/2021\/11\/2-SUNN-KAPAK-1024x1024.jpg 1024w, https:\/\/www.minisculebyebrar.com\/wp-content\/uploads\/2021\/11\/2-SUNN-KAPAK-150x150.jpg 150w, https:\/\/www.minisculebyebrar.com\/wp-content\/uploads\/2021\/11\/2-SUNN-KAPAK-768x768.jpg 768w, https:\/\/www.minisculebyebrar.com\/wp-content\/uploads\/2021\/11\/2-SUNN-KAPAK-480x480.jpg 480w, https:\/\/www.minisculebyebrar.com\/wp-content\/uploads\/2021\/11\/2-SUNN-KAPAK-100x100.jpg 100w, https:\/\/www.minisculebyebrar.com\/wp-content\/uploads\/2021\/11\/2-SUNN-KAPAK-24x24.jpg 24w, https:\/\/www.minisculebyebrar.com\/wp-content\/uploads\/2021\/11\/2-SUNN-KAPAK-36x36.jpg 36w, https:\/\/www.minisculebyebrar.com\/wp-content\/uploads\/2021\/11\/2-SUNN-KAPAK-48x48.jpg 48w, https:\/\/www.minisculebyebrar.com\/wp-content\/uploads\/2021\/11\/2-SUNN-KAPAK-46x46.jpg 46w, https:\/\/www.minisculebyebrar.com\/wp-content\/uploads\/2021\/11\/2-SUNN-KAPAK-600x600.jpg 600w, https:\/\/www.minisculebyebrar.com\/wp-content\/uploads\/2021\/11\/2-SUNN-KAPAK-50x50.jpg 50w\" sizes=\"auto, (max-width: 1181px) 100vw, 1181px\" \/>\t\t\t\t<span class=\"overlay\"><\/span>\n\t\t\t<\/a>\n\t\t<\/div>\n\t\t[vc_btn title=&#8221;SUNN COLLECTION &#8211; SS22&#8243; color=&#8221;orange&#8221; size=&#8221;lg&#8221; align=&#8221;center&#8221; i_align=&#8221;right&#8221; i_icon_fontawesome=&#8221;far fa-file-pdf&#8221; button_block=&#8221;true&#8221; add_icon=&#8221;true&#8221; link=&#8221;url:https%3A%2F%2Fminisculebyebrar.com%2Fsunn%2Fcollection%2FSS22.pdf&#8221;][\/vc_column][vc_column width=&#8221;1\/4&#8243;]\t\t<div class=\"ts-banner-image ts-effect-image  eff-image-opacity ts-banner-image-4 left-top  \">\n\t\t\t<div class=\"ts-shortcode-custom-style hidden\">.ts-banner-image-4:hover .overlay{background-color:rgba(255,255,255,0.7)}<\/div>\t\t\t<a title=\"\" target=\"_blank\" class=\"image-link\" href=\"https:\/\/www.minisculebyebrar.com\/bo\/collection\/AW21.pdf\" >\n\t\t\t\t<img loading=\"lazy\" decoding=\"async\" width=\"1181\" height=\"1181\" src=\"https:\/\/www.minisculebyebrar.com\/wp-content\/uploads\/2021\/11\/3-BO-KAPAK.jpg\" class=\"img bg-image\" alt=\"\" srcset=\"https:\/\/www.minisculebyebrar.com\/wp-content\/uploads\/2021\/11\/3-BO-KAPAK.jpg 1181w, https:\/\/www.minisculebyebrar.com\/wp-content\/uploads\/2021\/11\/3-BO-KAPAK-300x300.jpg 300w, https:\/\/www.minisculebyebrar.com\/wp-content\/uploads\/2021\/11\/3-BO-KAPAK-1024x1024.jpg 1024w, https:\/\/www.minisculebyebrar.com\/wp-content\/uploads\/2021\/11\/3-BO-KAPAK-150x150.jpg 150w, https:\/\/www.minisculebyebrar.com\/wp-content\/uploads\/2021\/11\/3-BO-KAPAK-768x768.jpg 768w, https:\/\/www.minisculebyebrar.com\/wp-content\/uploads\/2021\/11\/3-BO-KAPAK-480x480.jpg 480w, https:\/\/www.minisculebyebrar.com\/wp-content\/uploads\/2021\/11\/3-BO-KAPAK-100x100.jpg 100w, https:\/\/www.minisculebyebrar.com\/wp-content\/uploads\/2021\/11\/3-BO-KAPAK-24x24.jpg 24w, https:\/\/www.minisculebyebrar.com\/wp-content\/uploads\/2021\/11\/3-BO-KAPAK-36x36.jpg 36w, https:\/\/www.minisculebyebrar.com\/wp-content\/uploads\/2021\/11\/3-BO-KAPAK-48x48.jpg 48w, https:\/\/www.minisculebyebrar.com\/wp-content\/uploads\/2021\/11\/3-BO-KAPAK-46x46.jpg 46w, https:\/\/www.minisculebyebrar.com\/wp-content\/uploads\/2021\/11\/3-BO-KAPAK-600x600.jpg 600w, https:\/\/www.minisculebyebrar.com\/wp-content\/uploads\/2021\/11\/3-BO-KAPAK-50x50.jpg 50w\" sizes=\"auto, (max-width: 1181px) 100vw, 1181px\" \/>\t\t\t\t<span class=\"overlay\"><\/span>\n\t\t\t<\/a>\n\t\t<\/div>\n\t\t[vc_btn title=&#8221;BO COLLECTION &#8211; AW21&#8243; color=&#8221;orange&#8221; size=&#8221;lg&#8221; align=&#8221;center&#8221; i_align=&#8221;right&#8221; i_icon_fontawesome=&#8221;far fa-file-pdf&#8221; button_block=&#8221;true&#8221; add_icon=&#8221;true&#8221; link=&#8221;url:https%3A%2F%2Fminisculebyebrar.com%2Fbo%2Fcollection%2FAW21.pdf&#8221;][\/vc_column][\/vc_row][vc_row css=&#8221;.vc_custom_1637244465453{margin-top: 30px !important;margin-bottom: 50px !important;}&#8221;][vc_column width=&#8221;1\/3&#8243;]\t\t<div class=\"ts-banner-image ts-effect-image  eff-image-opacity ts-banner-image-5 left-top  \">\n\t\t\t<div class=\"ts-shortcode-custom-style hidden\">.ts-banner-image-5:hover .overlay{background-color:rgba(255,255,255,0.7)}<\/div>\t\t\t<a title=\"\" target=\"_blank\" class=\"image-link\" href=\"https:\/\/www.minisculebyebrar.com\/sunn\/collection\/SS20.pdf\" >\n\t\t\t\t<img loading=\"lazy\" decoding=\"async\" width=\"1181\" height=\"1181\" src=\"https:\/\/www.minisculebyebrar.com\/wp-content\/uploads\/2021\/11\/4-SUNN-KAPAK.jpg\" class=\"img bg-image\" alt=\"\" srcset=\"https:\/\/www.minisculebyebrar.com\/wp-content\/uploads\/2021\/11\/4-SUNN-KAPAK.jpg 1181w, https:\/\/www.minisculebyebrar.com\/wp-content\/uploads\/2021\/11\/4-SUNN-KAPAK-300x300.jpg 300w, https:\/\/www.minisculebyebrar.com\/wp-content\/uploads\/2021\/11\/4-SUNN-KAPAK-1024x1024.jpg 1024w, https:\/\/www.minisculebyebrar.com\/wp-content\/uploads\/2021\/11\/4-SUNN-KAPAK-150x150.jpg 150w, https:\/\/www.minisculebyebrar.com\/wp-content\/uploads\/2021\/11\/4-SUNN-KAPAK-768x768.jpg 768w, https:\/\/www.minisculebyebrar.com\/wp-content\/uploads\/2021\/11\/4-SUNN-KAPAK-480x480.jpg 480w, https:\/\/www.minisculebyebrar.com\/wp-content\/uploads\/2021\/11\/4-SUNN-KAPAK-100x100.jpg 100w, https:\/\/www.minisculebyebrar.com\/wp-content\/uploads\/2021\/11\/4-SUNN-KAPAK-24x24.jpg 24w, https:\/\/www.minisculebyebrar.com\/wp-content\/uploads\/2021\/11\/4-SUNN-KAPAK-36x36.jpg 36w, https:\/\/www.minisculebyebrar.com\/wp-content\/uploads\/2021\/11\/4-SUNN-KAPAK-48x48.jpg 48w, https:\/\/www.minisculebyebrar.com\/wp-content\/uploads\/2021\/11\/4-SUNN-KAPAK-46x46.jpg 46w, https:\/\/www.minisculebyebrar.com\/wp-content\/uploads\/2021\/11\/4-SUNN-KAPAK-600x600.jpg 600w, https:\/\/www.minisculebyebrar.com\/wp-content\/uploads\/2021\/11\/4-SUNN-KAPAK-50x50.jpg 50w\" sizes=\"auto, (max-width: 1181px) 100vw, 1181px\" \/>\t\t\t\t<span class=\"overlay\"><\/span>\n\t\t\t<\/a>\n\t\t<\/div>\n\t\t[vc_btn title=&#8221;SUNN COLLECTION &#8211; SS20&#8243; color=&#8221;orange&#8221; size=&#8221;lg&#8221; align=&#8221;center&#8221; i_align=&#8221;right&#8221; i_icon_fontawesome=&#8221;far fa-file-pdf&#8221; button_block=&#8221;true&#8221; add_icon=&#8221;true&#8221; link=&#8221;url:https%3A%2F%2Fminisculebyebrar.com%2Fsunn%2Fcollection%2FSS20.pdf&#8221;][\/vc_column][vc_column width=&#8221;1\/3&#8243;]\t\t<div class=\"ts-banner-image ts-effect-image  eff-image-opacity ts-banner-image-6 left-top  \">\n\t\t\t<div class=\"ts-shortcode-custom-style hidden\">.ts-banner-image-6:hover .overlay{background-color:rgba(255,255,255,0.7)}<\/div>\t\t\t<a title=\"\" target=\"_blank\" class=\"image-link\" href=\"https:\/\/www.minisculebyebrar.com\/bo\/collection\/AW20.pdf\" >\n\t\t\t\t<img loading=\"lazy\" decoding=\"async\" width=\"1181\" height=\"1181\" src=\"https:\/\/www.minisculebyebrar.com\/wp-content\/uploads\/2021\/11\/5-BO-KAPAK.jpg\" class=\"img bg-image\" alt=\"\" srcset=\"https:\/\/www.minisculebyebrar.com\/wp-content\/uploads\/2021\/11\/5-BO-KAPAK.jpg 1181w, https:\/\/www.minisculebyebrar.com\/wp-content\/uploads\/2021\/11\/5-BO-KAPAK-300x300.jpg 300w, https:\/\/www.minisculebyebrar.com\/wp-content\/uploads\/2021\/11\/5-BO-KAPAK-1024x1024.jpg 1024w, https:\/\/www.minisculebyebrar.com\/wp-content\/uploads\/2021\/11\/5-BO-KAPAK-150x150.jpg 150w, https:\/\/www.minisculebyebrar.com\/wp-content\/uploads\/2021\/11\/5-BO-KAPAK-768x768.jpg 768w, https:\/\/www.minisculebyebrar.com\/wp-content\/uploads\/2021\/11\/5-BO-KAPAK-480x480.jpg 480w, https:\/\/www.minisculebyebrar.com\/wp-content\/uploads\/2021\/11\/5-BO-KAPAK-100x100.jpg 100w, https:\/\/www.minisculebyebrar.com\/wp-content\/uploads\/2021\/11\/5-BO-KAPAK-24x24.jpg 24w, https:\/\/www.minisculebyebrar.com\/wp-content\/uploads\/2021\/11\/5-BO-KAPAK-36x36.jpg 36w, https:\/\/www.minisculebyebrar.com\/wp-content\/uploads\/2021\/11\/5-BO-KAPAK-48x48.jpg 48w, https:\/\/www.minisculebyebrar.com\/wp-content\/uploads\/2021\/11\/5-BO-KAPAK-46x46.jpg 46w, https:\/\/www.minisculebyebrar.com\/wp-content\/uploads\/2021\/11\/5-BO-KAPAK-600x600.jpg 600w, https:\/\/www.minisculebyebrar.com\/wp-content\/uploads\/2021\/11\/5-BO-KAPAK-50x50.jpg 50w\" sizes=\"auto, (max-width: 1181px) 100vw, 1181px\" \/>\t\t\t\t<span class=\"overlay\"><\/span>\n\t\t\t<\/a>\n\t\t<\/div>\n\t\t[vc_btn title=&#8221;BO COLLECTION &#8211; AW20&#8243; color=&#8221;orange&#8221; size=&#8221;lg&#8221; align=&#8221;center&#8221; i_align=&#8221;right&#8221; i_icon_fontawesome=&#8221;far fa-file-pdf&#8221; button_block=&#8221;true&#8221; add_icon=&#8221;true&#8221; link=&#8221;url:https%3A%2F%2Fminisculebyebrar.com%2Fbo%2Fcollection%2FAW20.pdf&#8221;][\/vc_column][vc_column width=&#8221;1\/3&#8243;]\t\t<div class=\"ts-banner-image ts-effect-image  eff-image-opacity ts-banner-image-7 left-top  \">\n\t\t\t<div class=\"ts-shortcode-custom-style hidden\">.ts-banner-image-7:hover .overlay{background-color:rgba(255,255,255,0.7)}<\/div>\t\t\t<a title=\"\" target=\"_blank\" class=\"image-link\" href=\"https:\/\/www.minisculebyebrar.com\/mini\/collection\/SS19.pdf\" >\n\t\t\t\t<img loading=\"lazy\" decoding=\"async\" width=\"1181\" height=\"1181\" src=\"https:\/\/www.minisculebyebrar.com\/wp-content\/uploads\/2021\/11\/6-MINI-KAPAK.jpg\" class=\"img bg-image\" alt=\"\" srcset=\"https:\/\/www.minisculebyebrar.com\/wp-content\/uploads\/2021\/11\/6-MINI-KAPAK.jpg 1181w, https:\/\/www.minisculebyebrar.com\/wp-content\/uploads\/2021\/11\/6-MINI-KAPAK-300x300.jpg 300w, https:\/\/www.minisculebyebrar.com\/wp-content\/uploads\/2021\/11\/6-MINI-KAPAK-1024x1024.jpg 1024w, https:\/\/www.minisculebyebrar.com\/wp-content\/uploads\/2021\/11\/6-MINI-KAPAK-150x150.jpg 150w, https:\/\/www.minisculebyebrar.com\/wp-content\/uploads\/2021\/11\/6-MINI-KAPAK-768x768.jpg 768w, https:\/\/www.minisculebyebrar.com\/wp-content\/uploads\/2021\/11\/6-MINI-KAPAK-480x480.jpg 480w, https:\/\/www.minisculebyebrar.com\/wp-content\/uploads\/2021\/11\/6-MINI-KAPAK-100x100.jpg 100w, https:\/\/www.minisculebyebrar.com\/wp-content\/uploads\/2021\/11\/6-MINI-KAPAK-24x24.jpg 24w, https:\/\/www.minisculebyebrar.com\/wp-content\/uploads\/2021\/11\/6-MINI-KAPAK-36x36.jpg 36w, https:\/\/www.minisculebyebrar.com\/wp-content\/uploads\/2021\/11\/6-MINI-KAPAK-48x48.jpg 48w, https:\/\/www.minisculebyebrar.com\/wp-content\/uploads\/2021\/11\/6-MINI-KAPAK-46x46.jpg 46w, https:\/\/www.minisculebyebrar.com\/wp-content\/uploads\/2021\/11\/6-MINI-KAPAK-600x600.jpg 600w, https:\/\/www.minisculebyebrar.com\/wp-content\/uploads\/2021\/11\/6-MINI-KAPAK-50x50.jpg 50w\" sizes=\"auto, (max-width: 1181px) 100vw, 1181px\" \/>\t\t\t\t<span class=\"overlay\"><\/span>\n\t\t\t<\/a>\n\t\t<\/div>\n\t\t[vc_btn title=&#8221;MINI COLLECTION &#8211; SS19&#8243; color=&#8221;orange&#8221; size=&#8221;lg&#8221; align=&#8221;center&#8221; i_align=&#8221;right&#8221; i_icon_fontawesome=&#8221;far fa-file-pdf&#8221; button_block=&#8221;true&#8221; add_icon=&#8221;true&#8221; link=&#8221;url:https%3A%2F%2Fminisculebyebrar.com%2Fmini%2Fcollection%2FSS19.pdf&#8221;][\/vc_column][\/vc_row][vc_row][vc_column][vc_column_text]<\/p>\n<p>[\/vc_column_text][\/vc_column][\/vc_row]<\/p>\n<\/div>","protected":false},"excerpt":{"rendered":"<p>[vc_row][vc_column][vc_column_text] Toptan sat\u0131\u015f i\u00e7in hello@minisculebyebrar.com adresinden ileti\u015fime ge\u00e7ebilirsiniz. [\/vc_column_text][\/vc_column][\/vc_row][vc_row css=&#8221;.vc_custom_1637244465453{margin-top: 30px !important;margin-bottom: 50px !important;}&#8221;][vc_column width=&#8221;1\/4&#8243;][vc_btn title=&#8221;SUNN COLLECTION -SS23&#8243; color=&#8221;orange&#8221; size=&#8221;lg&#8221; align=&#8221;center&#8221; i_align=&#8221;right&#8221; i_icon_fontawesome=&#8221;far fa-file-pdf&#8221; button_block=&#8221;true&#8221; add_icon=&#8221;true&#8221; link=&#8221;url:https%3A%2F%2Fminisculebyebrar.com%2Fsunn%2Fcollection%2FSS23.pdf&#8221;][\/vc_column][vc_column width=&#8221;1\/4&#8243;][vc_btn title=&#8221;BO COLLECTION &#8211; AW22&#8243; color=&#8221;orange&#8221; size=&#8221;lg&#8221; align=&#8221;center&#8221; i_align=&#8221;right&#8221; i_icon_fontawesome=&#8221;far fa-file-pdf&#8221; button_block=&#8221;true&#8221; add_icon=&#8221;true&#8221; link=&#8221;url:https%3A%2F%2Fminisculebyebrar.com%2Fbo%2Fcollection%2FAW22.pdf&#8221;][\/vc_column][vc_column width=&#8221;1\/4&#8243;][vc_btn title=&#8221;SUNN COLLECTION &#8211; SS22&#8243; color=&#8221;orange&#8221; size=&#8221;lg&#8221; align=&#8221;center&#8221; i_align=&#8221;right&#8221; i_icon_fontawesome=&#8221;far fa-file-pdf&#8221; button_block=&#8221;true&#8221; add_icon=&#8221;true&#8221; link=&#8221;url:https%3A%2F%2Fminisculebyebrar.com%2Fsunn%2Fcollection%2FSS22.pdf&#8221;][\/vc_column][vc_column [&hellip;]<\/p>\n","protected":false},"author":8,"featured_media":0,"parent":0,"menu_order":0,"comment_status":"closed","ping_status":"closed","template":"","meta":{"footnotes":""},"class_list":["post-16923","page","type-page","status-publish","hentry"],"_links":{"self":[{"href":"https:\/\/www.minisculebyebrar.com\/tr\/wp-json\/wp\/v2\/pages\/16923","targetHints":{"allow":["GET"]}}],"collection":[{"href":"https:\/\/www.minisculebyebrar.com\/tr\/wp-json\/wp\/v2\/pages"}],"about":[{"href":"https:\/\/www.minisculebyebrar.com\/tr\/wp-json\/wp\/v2\/types\/page"}],"author":[{"embeddable":true,"href":"https:\/\/www.minisculebyebrar.com\/tr\/wp-json\/wp\/v2\/users\/8"}],"replies":[{"embeddable":true,"href":"https:\/\/www.minisculebyebrar.com\/tr\/wp-json\/wp\/v2\/comments?post=16923"}],"version-history":[{"count":0,"href":"https:\/\/www.minisculebyebrar.com\/tr\/wp-json\/wp\/v2\/pages\/16923\/revisions"}],"wp:attachment":[{"href":"https:\/\/www.minisculebyebrar.com\/tr\/wp-json\/wp\/v2\/media?parent=16923"}],"curies":[{"name":"wp","href":"https:\/\/api.w.org\/{rel}","templated":true}]}}