{"id":18274,"date":"2020-11-07T02:46:49","date_gmt":"2020-11-06T23:46:49","guid":{"rendered":"https:\/\/www.minisculebyebrar.com\/?page_id=18274"},"modified":"2025-10-30T18:46:11","modified_gmt":"2025-10-30T15:46:11","slug":"teslimat-secenekleri","status":"publish","type":"page","link":"https:\/\/www.minisculebyebrar.com\/tr\/teslimat-secenekleri\/","title":{"rendered":"Teslimat Se\u00e7enekleri"},"content":{"rendered":"<div class=\"wpb-content-wrapper\"><p>[vc_row][vc_column][vc_column_text css=&#8221;&#8221;]<\/p>\n<h2><\/h2>\n<h2 style=\"text-align: center;\"><span style=\"font-size: 20pt; font-family: futura-regular;\"><span style=\"color: #cf7045;\">Teslimat Se\u00e7enekleri<\/span><\/span><\/h2>\n<p><span style=\"font-weight: 600;\">Yurti\u00e7i Sipari\u015fler<\/span><\/p>\n<p>Yurti\u00e7i t\u00fcm al\u0131\u015fveri\u015flerinizde \u201c\u00dccretsiz Kargo\u201c hizmetimiz bulunmaktad\u0131r.<\/p>\n<p>G\u00f6nderimleriniz <b>S\u00dcRAT KARGO<\/b>, Domestic Standard servisiyle sa\u011flanmaktad\u0131r. Sipari\u015f edilen haz\u0131r stok \u00fcr\u00fcnleri maks. 2 i\u015f g\u00fcn\u00fc i\u00e7erisinde kargoya verilmekte, 1-2 i\u015f g\u00fcn\u00fc i\u00e7erisinde de adrese ula\u015fmaktad\u0131r.<\/p>\n<p>Daha h\u0131zl\u0131 veya \u00f6zellikle belirtti\u011finiz bir g\u00fcnde teslimat istedi\u011finiz durumlarda <span style=\"font-weight: 600;\"><a href=\"mailto:hello@minisculebyebrar.com\"><span style=\"color: #cb724c;\">hello@minisculebyebrar.com<\/span><\/a><\/span> adresinden bizimle ileti\u015fime ge\u00e7ebilirsiniz.<\/p>\n<p><span style=\"font-weight: 600;\">Uluslararas\u0131 Sipari\u015fler<\/span><\/p>\n<p>G\u00f6nderimleriniz <span style=\"font-weight: 600;\">UPS<\/span> kargo, Express Saver servisiyle sa\u011flanmaktad\u0131r. Sipari\u015f edilen haz\u0131r stok \u00fcr\u00fcnleri max. 2 i\u015f g\u00fcn\u00fc i\u00e7erisinde kargoya verilmekte, teslimat s\u00fcresi b\u00f6lge ve \u00fclkeye g\u00f6re farkl\u0131l\u0131k g\u00f6stermekle birlikte 2 ila 5 i\u015f g\u00fcn\u00fc i\u00e7erisinde de adrese ula\u015fmaktad\u0131r.<\/p>\n<p>Daha h\u0131zl\u0131 veya \u00f6zellikle belirtti\u011finiz bir g\u00fcnde teslimat istedi\u011finiz durumlarda <span style=\"font-weight: 600;\"><a href=\"mailto:hello@minisculebyebrar.com\"><span style=\"color: #cb724c;\">hello@minisculebyebrar.com<\/span><\/a><\/span> adresinden bizimle ileti\u015fime ge\u00e7ebilirsiniz.[\/vc_column_text][\/vc_column][\/vc_row]<\/p>\n<\/div>","protected":false},"excerpt":{"rendered":"<p>[vc_row][vc_column][vc_column_text css=&#8221;&#8221;] Teslimat Se\u00e7enekleri Yurti\u00e7i Sipari\u015fler Yurti\u00e7i t\u00fcm al\u0131\u015fveri\u015flerinizde \u201c\u00dccretsiz Kargo\u201c hizmetimiz bulunmaktad\u0131r. G\u00f6nderimleriniz S\u00dcRAT KARGO, Domestic Standard servisiyle sa\u011flanmaktad\u0131r. Sipari\u015f edilen haz\u0131r stok \u00fcr\u00fcnleri maks. 2 i\u015f g\u00fcn\u00fc i\u00e7erisinde kargoya verilmekte, 1-2 i\u015f g\u00fcn\u00fc i\u00e7erisinde de adrese ula\u015fmaktad\u0131r. Daha h\u0131zl\u0131 veya \u00f6zellikle belirtti\u011finiz bir g\u00fcnde teslimat istedi\u011finiz durumlarda hello@minisculebyebrar.com adresinden bizimle ileti\u015fime ge\u00e7ebilirsiniz. Uluslararas\u0131 [&hellip;]<\/p>\n","protected":false},"author":8,"featured_media":0,"parent":0,"menu_order":0,"comment_status":"closed","ping_status":"closed","template":"","meta":{"footnotes":""},"class_list":["post-18274","page","type-page","status-publish","hentry"],"_links":{"self":[{"href":"https:\/\/www.minisculebyebrar.com\/tr\/wp-json\/wp\/v2\/pages\/18274","targetHints":{"allow":["GET"]}}],"collection":[{"href":"https:\/\/www.minisculebyebrar.com\/tr\/wp-json\/wp\/v2\/pages"}],"about":[{"href":"https:\/\/www.minisculebyebrar.com\/tr\/wp-json\/wp\/v2\/types\/page"}],"author":[{"embeddable":true,"href":"https:\/\/www.minisculebyebrar.com\/tr\/wp-json\/wp\/v2\/users\/8"}],"replies":[{"embeddable":true,"href":"https:\/\/www.minisculebyebrar.com\/tr\/wp-json\/wp\/v2\/comments?post=18274"}],"version-history":[{"count":1,"href":"https:\/\/www.minisculebyebrar.com\/tr\/wp-json\/wp\/v2\/pages\/18274\/revisions"}],"predecessor-version":[{"id":25716,"href":"https:\/\/www.minisculebyebrar.com\/tr\/wp-json\/wp\/v2\/pages\/18274\/revisions\/25716"}],"wp:attachment":[{"href":"https:\/\/www.minisculebyebrar.com\/tr\/wp-json\/wp\/v2\/media?parent=18274"}],"curies":[{"name":"wp","href":"https:\/\/api.w.org\/{rel}","templated":true}]}}