{"id":22725,"date":"2021-10-13T19:56:29","date_gmt":"2021-10-13T16:56:29","guid":{"rendered":"https:\/\/www.minisculebyebrar.com\/?page_id=22725"},"modified":"2023-03-20T18:05:46","modified_gmt":"2023-03-20T15:05:46","slug":"blog","status":"publish","type":"page","link":"https:\/\/www.minisculebyebrar.com\/tr\/blog\/","title":{"rendered":"Blog"},"content":{"rendered":"<div class=\"wpb-content-wrapper\"><p>[vc_row][vc_column]\t\t\t<div class=\"ts-blogs-wrapper ts-shortcode ts-blogs heading-center grid columns-3  \" data-atts=\"{&quot;layout&quot;:&quot;grid&quot;,&quot;columns&quot;:3,&quot;categories&quot;:&quot;180&quot;,&quot;per_page&quot;:&quot;5&quot;,&quot;orderby&quot;:&quot;date&quot;,&quot;order&quot;:&quot;DESC&quot;,&quot;item_layout&quot;:&quot;grid&quot;,&quot;show_title&quot;:&quot;1&quot;,&quot;show_thumbnail&quot;:&quot;1&quot;,&quot;show_author&quot;:&quot;0&quot;,&quot;show_categories&quot;:&quot;0&quot;,&quot;show_date&quot;:&quot;0&quot;,&quot;show_comment&quot;:&quot;0&quot;,&quot;show_excerpt&quot;:&quot;1&quot;,&quot;show_readmore&quot;:&quot;1&quot;,&quot;excerpt_words&quot;:&quot;20&quot;,&quot;is_slider&quot;:0,&quot;show_nav&quot;:&quot;1&quot;,&quot;auto_play&quot;:&quot;1&quot;,&quot;margin&quot;:0,&quot;is_masonry&quot;:0,&quot;show_load_more&quot;:0}\">\n\t\t\t\n\t\t\t\t\t\t\t\t\n\t\t\t\t<div class=\"content-wrapper\">\n\t\t\t\t\t<div class=\"blogs items\">\n\t\t\t\t\t\t\t\t\t\t<article class=\"item  ts-col-8 first\">\n\t\t\t\t\t<div class=\"article-content\">\n\t\t\t\t\t\t\t\t\t\t\t<div class=\"thumbnail-content\">\n\t\t\t\t\t\t\t\t\t\t\t\t\t\t\t<a class=\"thumbnail  \" href=\"https:\/\/www.minisculebyebrar.com\/tr\/tasarim-cocuk-giyimi-cocuklarinizin-tarzini-yukseltin\/\">\n\t\t\t\t\t\t\t\t\t<figure>\n\t\t\t\t\t\t\t\t\t<img loading=\"lazy\" decoding=\"async\" width=\"1170\" height=\"940\" src=\"https:\/\/www.minisculebyebrar.com\/wp-content\/uploads\/2023\/04\/Designer-ChildrenswearHow-to-Dress-Your-Little-Ones-in-Style-1170x940.jpg\" class=\"attachment-drile_blog_thumb size-drile_blog_thumb wp-post-image\" alt=\"\" \/>\t\t\t\t\t\t\t\t\t<\/figure>\n\t\t\t\t\t\t\t\t\t<div class=\"effect-thumbnail\"><\/div>\n\t\t\t\t\t\t\t\t<\/a>\n\t\t\t\t\t\t\t\t\n\t\t\t\t\t\t\t\t\n\t\t\t\t\t\t\t\t\t\t\t\t\t\n\t\t\t\t\t\t<\/div>\n\t\t\t\t\t\t\t\t\t\t\n\t\t\t\t\t\t\t\t\t\t\t\n\t\t\t\t\t\t<div class=\"entry-content\">\n\t\t\t\t\t\t\t\n\t\t\t\t\t\t\t\t\t\t\t\t\t\t\n\t\t\t\t\t\t\t\t\t\t\t\t\t\t<header>\n\t\t\t\t\t\t\t\t<h4 class=\"heading-title entry-title\">\n\t\t\t\t\t\t\t\t\t<a class=\"post-title heading-title\" href=\"https:\/\/www.minisculebyebrar.com\/tr\/tasarim-cocuk-giyimi-cocuklarinizin-tarzini-yukseltin\/\">Tasar\u0131m \u00c7ocuk Giyimi: \u00c7ocuklar\u0131n\u0131z\u0131n Tarz\u0131n\u0131 Y\u00fckseltin<\/a>\n\t\t\t\t\t\t\t\t<\/h4>\n\t\t\t\t\t\t\t<\/header>\n\t\t\t\t\t\t\t\t\t\t\t\t\t\t\n\t\t\t\t\t\t\t<div class=\"entry-meta-middle\">\n\t\t\t\t\t\t\t\t<!-- Blog Author -->\n\t\t\t\t\t\t\t\t\t\t\t\t\t\t\t\t\n\t\t\t\t\t\t\t\t<!-- Blog Categories -->\n\t\t\t\t\t\t\t\t\t\t\t\t\t\t\t<\/div>\n\t\t\t\t\t\t\t\n\t\t\t\t\t\t\t\t\t\t\t\t\t\t<div class=\"excerpt\">\u00c7ocuklar\u0131n\u0131z\u0131 giydirmek e\u011flenceli ve heyecan verici bir i\u015f olabilir, \u00f6zellikle de tasar\u0131m \u00e7ocuk giyimi s\u00f6z konusu oldu\u011funda. Bu kadar \u00e7ok<\/div>\n\t\t\t\t\t\t\t\t\t\t\t\t\t\t\n\t\t\t\t\t\t\t\t\t\t\t\t\t\t<div class=\"entry-meta-bottom\">\n\t\t\t\t\t\t\t\t<!-- Blog Read More Button -->\n\t\t\t\t\t\t\t\t<a class=\"button-readmore button-text\" href=\"https:\/\/www.minisculebyebrar.com\/tr\/tasarim-cocuk-giyimi-cocuklarinizin-tarzini-yukseltin\/\">Daha fazla oku<\/a>\n\t\t\t\t\t\t\t\t\n\t\t\t\t\t\t\t<\/div>\n\t\t\t\t\t\t\t\t\t\t\t\t\t<\/div>\n\t\t\t\t\t\t\t\n\t\t\t\t\t\t\t\t\t\t\t<\/div>\n\t\t\t\t<\/article>\n\t\t\t\t\t\t\t<article class=\"item  ts-col-8 \">\n\t\t\t\t\t<div class=\"article-content\">\n\t\t\t\t\t\t\t\t\t\t\t<div class=\"thumbnail-content\">\n\t\t\t\t\t\t\t\t\t\t\t\t\t\t\t<a class=\"thumbnail  \" href=\"https:\/\/www.minisculebyebrar.com\/tr\/luks-cocuk-giyim-miniklerimiz-icin-dogallik-ve-moda-bir-arada\/\">\n\t\t\t\t\t\t\t\t\t<figure>\n\t\t\t\t\t\t\t\t\t<img loading=\"lazy\" decoding=\"async\" width=\"1170\" height=\"940\" src=\"https:\/\/www.minisculebyebrar.com\/wp-content\/uploads\/2023\/03\/Luks-Cocuk-Giyim-1170x940.jpg\" class=\"attachment-drile_blog_thumb size-drile_blog_thumb wp-post-image\" alt=\"\" \/>\t\t\t\t\t\t\t\t\t<\/figure>\n\t\t\t\t\t\t\t\t\t<div class=\"effect-thumbnail\"><\/div>\n\t\t\t\t\t\t\t\t<\/a>\n\t\t\t\t\t\t\t\t\n\t\t\t\t\t\t\t\t\n\t\t\t\t\t\t\t\t\t\t\t\t\t\n\t\t\t\t\t\t<\/div>\n\t\t\t\t\t\t\t\t\t\t\n\t\t\t\t\t\t\t\t\t\t\t\n\t\t\t\t\t\t<div class=\"entry-content\">\n\t\t\t\t\t\t\t\n\t\t\t\t\t\t\t\t\t\t\t\t\t\t\n\t\t\t\t\t\t\t\t\t\t\t\t\t\t<header>\n\t\t\t\t\t\t\t\t<h4 class=\"heading-title entry-title\">\n\t\t\t\t\t\t\t\t\t<a class=\"post-title heading-title\" href=\"https:\/\/www.minisculebyebrar.com\/tr\/luks-cocuk-giyim-miniklerimiz-icin-dogallik-ve-moda-bir-arada\/\">L\u00fcks \u00c7ocuk Giyim: Miniklerimiz \u0130\u00e7in Do\u011fall\u0131k ve Moda Bir Arada<\/a>\n\t\t\t\t\t\t\t\t<\/h4>\n\t\t\t\t\t\t\t<\/header>\n\t\t\t\t\t\t\t\t\t\t\t\t\t\t\n\t\t\t\t\t\t\t<div class=\"entry-meta-middle\">\n\t\t\t\t\t\t\t\t<!-- Blog Author -->\n\t\t\t\t\t\t\t\t\t\t\t\t\t\t\t\t\n\t\t\t\t\t\t\t\t<!-- Blog Categories -->\n\t\t\t\t\t\t\t\t\t\t\t\t\t\t\t<\/div>\n\t\t\t\t\t\t\t\n\t\t\t\t\t\t\t\t\t\t\t\t\t\t<div class=\"excerpt\">minisc\u00fale by ebrar olarak, l\u00fcks \u00e7ocuk giyimimizde do\u011fal malzemeler ve y\u00fcksek moda kombinasyonunu sunuyoruz. \u00c7ocuklar\u0131m\u0131z\u0131n sa\u011fl\u0131\u011f\u0131na \u00f6nem veriyor ve en<\/div>\n\t\t\t\t\t\t\t\t\t\t\t\t\t\t\n\t\t\t\t\t\t\t\t\t\t\t\t\t\t<div class=\"entry-meta-bottom\">\n\t\t\t\t\t\t\t\t<!-- Blog Read More Button -->\n\t\t\t\t\t\t\t\t<a class=\"button-readmore button-text\" href=\"https:\/\/www.minisculebyebrar.com\/tr\/luks-cocuk-giyim-miniklerimiz-icin-dogallik-ve-moda-bir-arada\/\">Daha fazla oku<\/a>\n\t\t\t\t\t\t\t\t\n\t\t\t\t\t\t\t<\/div>\n\t\t\t\t\t\t\t\t\t\t\t\t\t<\/div>\n\t\t\t\t\t\t\t\n\t\t\t\t\t\t\t\t\t\t\t<\/div>\n\t\t\t\t<\/article>\n\t\t\t\t\t\t\t<article class=\"item  ts-col-8 last\">\n\t\t\t\t\t<div class=\"article-content\">\n\t\t\t\t\t\t\t\t\t\t\t<div class=\"thumbnail-content\">\n\t\t\t\t\t\t\t\t\t\t\t\t\t\t\t<a class=\"thumbnail  \" href=\"https:\/\/www.minisculebyebrar.com\/tr\/tasarimci-cocuk-kiyafetleri-stil-ve-konforun-mukemmel-birlesimi\/\">\n\t\t\t\t\t\t\t\t\t<figure>\n\t\t\t\t\t\t\t\t\t<img loading=\"lazy\" decoding=\"async\" width=\"1170\" height=\"940\" src=\"https:\/\/www.minisculebyebrar.com\/wp-content\/uploads\/2023\/03\/miniscule_by_ebrar_Designer_Toddler_Clothes_Tasarimci_Cocuk_Kiyafetleri-1170x940.jpg\" class=\"attachment-drile_blog_thumb size-drile_blog_thumb wp-post-image\" alt=\"\" \/>\t\t\t\t\t\t\t\t\t<\/figure>\n\t\t\t\t\t\t\t\t\t<div class=\"effect-thumbnail\"><\/div>\n\t\t\t\t\t\t\t\t<\/a>\n\t\t\t\t\t\t\t\t\n\t\t\t\t\t\t\t\t\n\t\t\t\t\t\t\t\t\t\t\t\t\t\n\t\t\t\t\t\t<\/div>\n\t\t\t\t\t\t\t\t\t\t\n\t\t\t\t\t\t\t\t\t\t\t\n\t\t\t\t\t\t<div class=\"entry-content\">\n\t\t\t\t\t\t\t\n\t\t\t\t\t\t\t\t\t\t\t\t\t\t\n\t\t\t\t\t\t\t\t\t\t\t\t\t\t<header>\n\t\t\t\t\t\t\t\t<h4 class=\"heading-title entry-title\">\n\t\t\t\t\t\t\t\t\t<a class=\"post-title heading-title\" href=\"https:\/\/www.minisculebyebrar.com\/tr\/tasarimci-cocuk-kiyafetleri-stil-ve-konforun-mukemmel-birlesimi\/\">Tasar\u0131mc\u0131 \u00c7ocuk K\u0131yafetleri: Stil ve Konforun M\u00fckemmel Birle\u015fimi<\/a>\n\t\t\t\t\t\t\t\t<\/h4>\n\t\t\t\t\t\t\t<\/header>\n\t\t\t\t\t\t\t\t\t\t\t\t\t\t\n\t\t\t\t\t\t\t<div class=\"entry-meta-middle\">\n\t\t\t\t\t\t\t\t<!-- Blog Author -->\n\t\t\t\t\t\t\t\t\t\t\t\t\t\t\t\t\n\t\t\t\t\t\t\t\t<!-- Blog Categories -->\n\t\t\t\t\t\t\t\t\t\t\t\t\t\t\t<\/div>\n\t\t\t\t\t\t\t\n\t\t\t\t\t\t\t\t\t\t\t\t\t\t<div class=\"excerpt\">\u00c7ocuklar\u0131m\u0131z\u0131n modan\u0131n d\u00fcnyas\u0131ndaki yeri hakk\u0131nda hi\u00e7 d\u00fc\u015f\u00fcnd\u00fcn\u00fcz m\u00fc? G\u00fcn\u00fcm\u00fczde, \u00e7ocuk giyim end\u00fcstrisi h\u0131zla b\u00fcy\u00fcyor ve bir\u00e7ok marka y\u00fcksek kaliteli ve<\/div>\n\t\t\t\t\t\t\t\t\t\t\t\t\t\t\n\t\t\t\t\t\t\t\t\t\t\t\t\t\t<div class=\"entry-meta-bottom\">\n\t\t\t\t\t\t\t\t<!-- Blog Read More Button -->\n\t\t\t\t\t\t\t\t<a class=\"button-readmore button-text\" href=\"https:\/\/www.minisculebyebrar.com\/tr\/tasarimci-cocuk-kiyafetleri-stil-ve-konforun-mukemmel-birlesimi\/\">Daha fazla oku<\/a>\n\t\t\t\t\t\t\t\t\n\t\t\t\t\t\t\t<\/div>\n\t\t\t\t\t\t\t\t\t\t\t\t\t<\/div>\n\t\t\t\t\t\t\t\n\t\t\t\t\t\t\t\t\t\t\t<\/div>\n\t\t\t\t<\/article>\n\t\t\t\t\t\t\t<article class=\"item  ts-col-8 first\">\n\t\t\t\t\t<div class=\"article-content\">\n\t\t\t\t\t\t\t\t\t\t\t<div class=\"thumbnail-content\">\n\t\t\t\t\t\t\t\t\t\t\t\t\t\t\t<a class=\"thumbnail  \" href=\"https:\/\/www.minisculebyebrar.com\/tr\/cocuklar-icin-tasarim-kiyafetler\/\">\n\t\t\t\t\t\t\t\t\t<figure>\n\t\t\t\t\t\t\t\t\t<img loading=\"lazy\" decoding=\"async\" width=\"600\" height=\"900\" src=\"https:\/\/www.minisculebyebrar.com\/wp-content\/uploads\/2021\/10\/4-Bosimp-Shirt-Trousers-Ecofriendly-Green-Boy-Set-for-Christmas-Birthday-Kids.jpg\" class=\"attachment-drile_blog_thumb size-drile_blog_thumb wp-post-image\" alt=\"\u00c7ocuklar i\u00e7in Tasar\u0131m K\u0131yafetler\" srcset=\"https:\/\/www.minisculebyebrar.com\/wp-content\/uploads\/2021\/10\/4-Bosimp-Shirt-Trousers-Ecofriendly-Green-Boy-Set-for-Christmas-Birthday-Kids.jpg 600w, https:\/\/www.minisculebyebrar.com\/wp-content\/uploads\/2021\/10\/4-Bosimp-Shirt-Trousers-Ecofriendly-Green-Boy-Set-for-Christmas-Birthday-Kids-200x300.jpg 200w, https:\/\/www.minisculebyebrar.com\/wp-content\/uploads\/2021\/10\/4-Bosimp-Shirt-Trousers-Ecofriendly-Green-Boy-Set-for-Christmas-Birthday-Kids-16x24.jpg 16w, https:\/\/www.minisculebyebrar.com\/wp-content\/uploads\/2021\/10\/4-Bosimp-Shirt-Trousers-Ecofriendly-Green-Boy-Set-for-Christmas-Birthday-Kids-24x36.jpg 24w, https:\/\/www.minisculebyebrar.com\/wp-content\/uploads\/2021\/10\/4-Bosimp-Shirt-Trousers-Ecofriendly-Green-Boy-Set-for-Christmas-Birthday-Kids-32x48.jpg 32w, https:\/\/www.minisculebyebrar.com\/wp-content\/uploads\/2021\/10\/4-Bosimp-Shirt-Trousers-Ecofriendly-Green-Boy-Set-for-Christmas-Birthday-Kids-300x450.jpg 300w\" sizes=\"auto, (max-width: 600px) 100vw, 600px\" \/>\t\t\t\t\t\t\t\t\t<\/figure>\n\t\t\t\t\t\t\t\t\t<div class=\"effect-thumbnail\"><\/div>\n\t\t\t\t\t\t\t\t<\/a>\n\t\t\t\t\t\t\t\t\n\t\t\t\t\t\t\t\t\n\t\t\t\t\t\t\t\t\t\t\t\t\t\n\t\t\t\t\t\t<\/div>\n\t\t\t\t\t\t\t\t\t\t\n\t\t\t\t\t\t\t\t\t\t\t\n\t\t\t\t\t\t<div class=\"entry-content\">\n\t\t\t\t\t\t\t\n\t\t\t\t\t\t\t\t\t\t\t\t\t\t\n\t\t\t\t\t\t\t\t\t\t\t\t\t\t<header>\n\t\t\t\t\t\t\t\t<h4 class=\"heading-title entry-title\">\n\t\t\t\t\t\t\t\t\t<a class=\"post-title heading-title\" href=\"https:\/\/www.minisculebyebrar.com\/tr\/cocuklar-icin-tasarim-kiyafetler\/\">\u00c7ocuklar i\u00e7in Tasar\u0131m K\u0131yafetler<\/a>\n\t\t\t\t\t\t\t\t<\/h4>\n\t\t\t\t\t\t\t<\/header>\n\t\t\t\t\t\t\t\t\t\t\t\t\t\t\n\t\t\t\t\t\t\t<div class=\"entry-meta-middle\">\n\t\t\t\t\t\t\t\t<!-- Blog Author -->\n\t\t\t\t\t\t\t\t\t\t\t\t\t\t\t\t\n\t\t\t\t\t\t\t\t<!-- Blog Categories -->\n\t\t\t\t\t\t\t\t\t\t\t\t\t\t\t<\/div>\n\t\t\t\t\t\t\t\n\t\t\t\t\t\t\t\t\t\t\t\t\t\t<div class=\"excerpt\">[vc_row][vc_column][vc_column_text] G\u00fcn\u00fcm\u00fczde t\u00fcm alanlarda oldu\u011fu gibi \u00e7ocuk moda sekt\u00f6r\u00fcnde de h\u0131zl\u0131 t\u00fcketim \u00fcr\u00fcnleri \u00f6n plana \u00e7\u0131kmaktad\u0131r. Oysa etik moda \u00e7er\u00e7evesinde,<\/div>\n\t\t\t\t\t\t\t\t\t\t\t\t\t\t\n\t\t\t\t\t\t\t\t\t\t\t\t\t\t<div class=\"entry-meta-bottom\">\n\t\t\t\t\t\t\t\t<!-- Blog Read More Button -->\n\t\t\t\t\t\t\t\t<a class=\"button-readmore button-text\" href=\"https:\/\/www.minisculebyebrar.com\/tr\/cocuklar-icin-tasarim-kiyafetler\/\">Daha fazla oku<\/a>\n\t\t\t\t\t\t\t\t\n\t\t\t\t\t\t\t<\/div>\n\t\t\t\t\t\t\t\t\t\t\t\t\t<\/div>\n\t\t\t\t\t\t\t\n\t\t\t\t\t\t\t\t\t\t\t<\/div>\n\t\t\t\t<\/article>\n\t\t\t\t\t\t\t<article class=\"item  ts-col-8 \">\n\t\t\t\t\t<div class=\"article-content\">\n\t\t\t\t\t\t\t\t\t\t\t<div class=\"thumbnail-content\">\n\t\t\t\t\t\t\t\t\t\t\t\t\t\t\t<a class=\"thumbnail  \" href=\"https:\/\/www.minisculebyebrar.com\/tr\/surdurulebilir-cocuk-giyim-modasi\/\">\n\t\t\t\t\t\t\t\t\t<figure>\n\t\t\t\t\t\t\t\t\t<img loading=\"lazy\" decoding=\"async\" width=\"1134\" height=\"699\" src=\"https:\/\/www.minisculebyebrar.com\/wp-content\/uploads\/2021\/10\/Sustainable_Kids_Fashion-1.jpg\" class=\"attachment-drile_blog_thumb size-drile_blog_thumb wp-post-image\" alt=\"\" srcset=\"https:\/\/www.minisculebyebrar.com\/wp-content\/uploads\/2021\/10\/Sustainable_Kids_Fashion-1.jpg 1134w, https:\/\/www.minisculebyebrar.com\/wp-content\/uploads\/2021\/10\/Sustainable_Kids_Fashion-1-300x185.jpg 300w, https:\/\/www.minisculebyebrar.com\/wp-content\/uploads\/2021\/10\/Sustainable_Kids_Fashion-1-1024x631.jpg 1024w, https:\/\/www.minisculebyebrar.com\/wp-content\/uploads\/2021\/10\/Sustainable_Kids_Fashion-1-768x473.jpg 768w, https:\/\/www.minisculebyebrar.com\/wp-content\/uploads\/2021\/10\/Sustainable_Kids_Fashion-1-24x15.jpg 24w, https:\/\/www.minisculebyebrar.com\/wp-content\/uploads\/2021\/10\/Sustainable_Kids_Fashion-1-36x22.jpg 36w, https:\/\/www.minisculebyebrar.com\/wp-content\/uploads\/2021\/10\/Sustainable_Kids_Fashion-1-48x30.jpg 48w, https:\/\/www.minisculebyebrar.com\/wp-content\/uploads\/2021\/10\/Sustainable_Kids_Fashion-1-600x370.jpg 600w, https:\/\/www.minisculebyebrar.com\/wp-content\/uploads\/2021\/10\/Sustainable_Kids_Fashion-1-780x480.jpg 780w\" sizes=\"auto, (max-width: 1134px) 100vw, 1134px\" \/>\t\t\t\t\t\t\t\t\t<\/figure>\n\t\t\t\t\t\t\t\t\t<div class=\"effect-thumbnail\"><\/div>\n\t\t\t\t\t\t\t\t<\/a>\n\t\t\t\t\t\t\t\t\n\t\t\t\t\t\t\t\t\n\t\t\t\t\t\t\t\t\t\t\t\t\t\n\t\t\t\t\t\t<\/div>\n\t\t\t\t\t\t\t\t\t\t\n\t\t\t\t\t\t\t\t\t\t\t\n\t\t\t\t\t\t<div class=\"entry-content\">\n\t\t\t\t\t\t\t\n\t\t\t\t\t\t\t\t\t\t\t\t\t\t\n\t\t\t\t\t\t\t\t\t\t\t\t\t\t<header>\n\t\t\t\t\t\t\t\t<h4 class=\"heading-title entry-title\">\n\t\t\t\t\t\t\t\t\t<a class=\"post-title heading-title\" href=\"https:\/\/www.minisculebyebrar.com\/tr\/surdurulebilir-cocuk-giyim-modasi\/\">Su\u0308rdu\u0308ru\u0308lebilir C\u0327ocuk Giyim Modas\u0131 ve Etik Dog\u0306a Anlay\u0131s\u0327\u0131<\/a>\n\t\t\t\t\t\t\t\t<\/h4>\n\t\t\t\t\t\t\t<\/header>\n\t\t\t\t\t\t\t\t\t\t\t\t\t\t\n\t\t\t\t\t\t\t<div class=\"entry-meta-middle\">\n\t\t\t\t\t\t\t\t<!-- Blog Author -->\n\t\t\t\t\t\t\t\t\t\t\t\t\t\t\t\t\n\t\t\t\t\t\t\t\t<!-- Blog Categories -->\n\t\t\t\t\t\t\t\t\t\t\t\t\t\t\t<\/div>\n\t\t\t\t\t\t\t\n\t\t\t\t\t\t\t\t\t\t\t\t\t\t<div class=\"excerpt\">[vc_row][vc_column][vc_column_text] S\u00fcrd\u00fcr\u00fclebilir \u00c7ocuk Modas\u0131 g\u00fczel, rahat ve g\u00f6z al\u0131c\u0131 moda tasar\u0131mlar\u0131 yap\u0131l\u0131rken do\u011faya zarar vermemenin \u00f6nemini ve gerekli\u011fini ortaya koymaktad\u0131r.<\/div>\n\t\t\t\t\t\t\t\t\t\t\t\t\t\t\n\t\t\t\t\t\t\t\t\t\t\t\t\t\t<div class=\"entry-meta-bottom\">\n\t\t\t\t\t\t\t\t<!-- Blog Read More Button -->\n\t\t\t\t\t\t\t\t<a class=\"button-readmore button-text\" href=\"https:\/\/www.minisculebyebrar.com\/tr\/surdurulebilir-cocuk-giyim-modasi\/\">Daha fazla oku<\/a>\n\t\t\t\t\t\t\t\t\n\t\t\t\t\t\t\t<\/div>\n\t\t\t\t\t\t\t\t\t\t\t\t\t<\/div>\n\t\t\t\t\t\t\t\n\t\t\t\t\t\t\t\t\t\t\t<\/div>\n\t\t\t\t<\/article>\n\t\t\t\t\t\t\t\t<\/div>\n\t\t\t\t\t\t\t\t\t<\/div>\n\t\t\t<\/div>\n\t\t[\/vc_column][\/vc_row]<\/p>\n<\/div>","protected":false},"excerpt":{"rendered":"<p>[vc_row][vc_column][\/vc_column][\/vc_row]<\/p>\n","protected":false},"author":7,"featured_media":0,"parent":0,"menu_order":0,"comment_status":"closed","ping_status":"closed","template":"","meta":{"footnotes":""},"class_list":["post-22725","page","type-page","status-publish","hentry"],"_links":{"self":[{"href":"https:\/\/www.minisculebyebrar.com\/tr\/wp-json\/wp\/v2\/pages\/22725","targetHints":{"allow":["GET"]}}],"collection":[{"href":"https:\/\/www.minisculebyebrar.com\/tr\/wp-json\/wp\/v2\/pages"}],"about":[{"href":"https:\/\/www.minisculebyebrar.com\/tr\/wp-json\/wp\/v2\/types\/page"}],"author":[{"embeddable":true,"href":"https:\/\/www.minisculebyebrar.com\/tr\/wp-json\/wp\/v2\/users\/7"}],"replies":[{"embeddable":true,"href":"https:\/\/www.minisculebyebrar.com\/tr\/wp-json\/wp\/v2\/comments?post=22725"}],"version-history":[{"count":0,"href":"https:\/\/www.minisculebyebrar.com\/tr\/wp-json\/wp\/v2\/pages\/22725\/revisions"}],"wp:attachment":[{"href":"https:\/\/www.minisculebyebrar.com\/tr\/wp-json\/wp\/v2\/media?parent=22725"}],"curies":[{"name":"wp","href":"https:\/\/api.w.org\/{rel}","templated":true}]}}