{"id":17871,"date":"2020-10-31T10:33:22","date_gmt":"2020-10-31T07:33:22","guid":{"rendered":"https:\/\/www.minisculebyebrar.com\/?post_type=product&#038;p=17871"},"modified":"2022-05-26T21:44:02","modified_gmt":"2022-05-26T18:44:02","slug":"botanica-tulum-yesil","status":"publish","type":"product","link":"https:\/\/www.minisculebyebrar.com\/tr\/urun\/botanica-tulum-yesil\/","title":{"rendered":"Botanica Tulum"},"content":{"rendered":"<p>S\u0131radanl\u0131ktan uzak ama bir o kadar do\u011fall\u0131ktan yana olan stil sahibi minikler i\u00e7in, modern zamanlar\u0131n rahatl\u0131\u011f\u0131n\u0131 zamans\u0131z \u015f\u0131kl\u0131k ile bulu\u015fturuyoruz. Kaliteli ve dikkat \u00e7ekici giyim \u00e7izgimizi, detayland\u0131r\u0131lm\u0131\u015f i\u015f\u00e7ilik anlay\u0131\u015f\u0131m\u0131z ile \u015fekillendiriyor, ilham\u0131m\u0131z\u0131 miniklerin \u00f6zg\u00fcn d\u00fcnyalar\u0131ndan al\u0131yoruz.<\/p>\n","protected":false},"excerpt":{"rendered":"<p><strong>SKU:<\/strong> G0201A1801<br \/>\n<strong>RENK:<\/strong> Ye\u015fil<\/p>\n","protected":false},"featured_media":19933,"template":"","meta":[],"product_brand":[],"product_cat":[142,141,152,150],"product_tag":[168,169,170,160],"class_list":{"0":"post-17871","1":"product","2":"type-product","3":"status-publish","4":"has-post-thumbnail","6":"product_cat-kiz","7":"product_cat-magaza-tum","8":"product_cat-tulum","9":"product_cat-tum-urunler-kiz","10":"product_tag-boy","11":"product_tag-pants","12":"product_tag-set","13":"product_tag-shop","14":"pa_beden-12-18-ay","15":"pa_beden-18-24-ay","16":"pa_beden-2-3-yas","17":"pa_beden-3-4-yas","18":"pa_beden-4-5-yas","19":"pa_beden-ozel-siparis","20":"ts_product_brand-miniscule-by-ebrar","22":"first","23":"outofstock","24":"taxable","25":"shipping-taxable","26":"product-type-variable"},"_links":{"self":[{"href":"https:\/\/www.minisculebyebrar.com\/tr\/wp-json\/wp\/v2\/product\/17871","targetHints":{"allow":["GET"]}}],"collection":[{"href":"https:\/\/www.minisculebyebrar.com\/tr\/wp-json\/wp\/v2\/product"}],"about":[{"href":"https:\/\/www.minisculebyebrar.com\/tr\/wp-json\/wp\/v2\/types\/product"}],"wp:featuredmedia":[{"embeddable":true,"href":"https:\/\/www.minisculebyebrar.com\/tr\/wp-json\/wp\/v2\/media\/19933"}],"wp:attachment":[{"href":"https:\/\/www.minisculebyebrar.com\/tr\/wp-json\/wp\/v2\/media?parent=17871"}],"wp:term":[{"taxonomy":"product_brand","embeddable":true,"href":"https:\/\/www.minisculebyebrar.com\/tr\/wp-json\/wp\/v2\/product_brand?post=17871"},{"taxonomy":"product_cat","embeddable":true,"href":"https:\/\/www.minisculebyebrar.com\/tr\/wp-json\/wp\/v2\/product_cat?post=17871"},{"taxonomy":"product_tag","embeddable":true,"href":"https:\/\/www.minisculebyebrar.com\/tr\/wp-json\/wp\/v2\/product_tag?post=17871"}],"curies":[{"name":"wp","href":"https:\/\/api.w.org\/{rel}","templated":true}]}}