{"id":18089,"date":"2020-11-01T21:34:34","date_gmt":"2020-11-01T18:34:34","guid":{"rendered":"https:\/\/www.minisculebyebrar.com\/?post_type=product&#038;p=18089"},"modified":"2022-05-26T21:43:49","modified_gmt":"2022-05-26T18:43:49","slug":"bonnaroo-tulum-turuncu","status":"publish","type":"product","link":"https:\/\/www.minisculebyebrar.com\/tr\/urun\/bonnaroo-tulum-turuncu\/","title":{"rendered":"Bonnaroo Balon Tulum"},"content":{"rendered":"<p>T\u00fcm canl\u0131lar\u0131n ya\u015fam hakk\u0131na y\u00fcksek seviyede sayg\u0131 duyan etik moda bilincimiz ile \u00fcretim yap\u0131yor, gelece\u011fin sahiplerine s\u00fcrd\u00fcr\u00fclebilir bir d\u00fcnya b\u0131rakabilmeye \u00f6zen g\u00f6steriyoruz.<\/p>\n<p>S\u0131radanl\u0131ktan uzak ama bir o kadar do\u011fall\u0131ktan yana olan stil sahibi minikler i\u00e7in, modern zamanlar\u0131n rahatl\u0131\u011f\u0131n\u0131 zamans\u0131z \u015f\u0131kl\u0131k ile bulu\u015fturuyoruz. Kaliteli ve dikkat \u00e7ekici giyim \u00e7izgimizi, detayland\u0131r\u0131lm\u0131\u015f i\u015f\u00e7ilik anlay\u0131\u015f\u0131m\u0131z ile \u015fekillendiriyor, ilham\u0131m\u0131z\u0131 miniklerin \u00f6zg\u00fcn d\u00fcnyalar\u0131ndan al\u0131yoruz.<\/p>\n","protected":false},"excerpt":{"rendered":"<p><strong>SKU: <\/strong>G0203A1801<strong><br \/>\nRENK<\/strong><strong>:<\/strong> Turuncu<\/p>\n","protected":false},"featured_media":19911,"template":"","meta":[],"product_brand":[],"product_cat":[141,142,152,150],"product_tag":[250,160],"class_list":{"0":"post-18089","1":"product","2":"type-product","3":"status-publish","4":"has-post-thumbnail","6":"product_cat-magaza-tum","7":"product_cat-kiz","8":"product_cat-tulum","9":"product_cat-tum-urunler-kiz","10":"product_tag-last-chance","11":"product_tag-shop","12":"pa_beden-12-18-ay","13":"pa_beden-18-24-ay","14":"pa_beden-2-3-yas","15":"pa_beden-3-4-yas","16":"pa_beden-4-5-yas","17":"pa_beden-ozel-siparis","18":"ts_product_brand-miniscule-by-ebrar","20":"first","21":"outofstock","22":"taxable","23":"shipping-taxable","24":"product-type-variable"},"_links":{"self":[{"href":"https:\/\/www.minisculebyebrar.com\/tr\/wp-json\/wp\/v2\/product\/18089","targetHints":{"allow":["GET"]}}],"collection":[{"href":"https:\/\/www.minisculebyebrar.com\/tr\/wp-json\/wp\/v2\/product"}],"about":[{"href":"https:\/\/www.minisculebyebrar.com\/tr\/wp-json\/wp\/v2\/types\/product"}],"wp:featuredmedia":[{"embeddable":true,"href":"https:\/\/www.minisculebyebrar.com\/tr\/wp-json\/wp\/v2\/media\/19911"}],"wp:attachment":[{"href":"https:\/\/www.minisculebyebrar.com\/tr\/wp-json\/wp\/v2\/media?parent=18089"}],"wp:term":[{"taxonomy":"product_brand","embeddable":true,"href":"https:\/\/www.minisculebyebrar.com\/tr\/wp-json\/wp\/v2\/product_brand?post=18089"},{"taxonomy":"product_cat","embeddable":true,"href":"https:\/\/www.minisculebyebrar.com\/tr\/wp-json\/wp\/v2\/product_cat?post=18089"},{"taxonomy":"product_tag","embeddable":true,"href":"https:\/\/www.minisculebyebrar.com\/tr\/wp-json\/wp\/v2\/product_tag?post=18089"}],"curies":[{"name":"wp","href":"https:\/\/api.w.org\/{rel}","templated":true}]}}