{"id":18190,"date":"2020-11-04T01:52:03","date_gmt":"2020-11-03T22:52:03","guid":{"rendered":"https:\/\/www.minisculebyebrar.com\/?post_type=product&#038;p=18190"},"modified":"2022-04-27T00:51:25","modified_gmt":"2022-04-26T21:51:25","slug":"cocuk-odasi-duvar-susu-makrome-ay-mavi","status":"publish","type":"product","link":"https:\/\/www.minisculebyebrar.com\/tr\/urun\/cocuk-odasi-duvar-susu-makrome-ay-mavi\/","title":{"rendered":"Ay Makrome Duvar S\u00fcs\u00fc"},"content":{"rendered":"<p>T\u00fcm canl\u0131lar\u0131n ya\u015fam hakk\u0131na y\u00fcksek seviyede sayg\u0131 duyan etik moda bilincimiz ile \u00fcretim yap\u0131yor, gelece\u011fin sahiplerine s\u00fcrd\u00fcr\u00fclebilir bir d\u00fcnya b\u0131rakabilmeye \u00f6zen g\u00f6steriyoruz.<\/p>\n","protected":false},"excerpt":{"rendered":"<p><strong>SKU: <\/strong>D022002BLU<strong><br \/>\nRENK:<\/strong> Mavi<\/p>\n","protected":false},"featured_media":18193,"template":"","meta":[],"product_brand":[],"product_cat":[147,141],"product_tag":[252,251,160],"class_list":{"0":"post-18190","1":"product","2":"type-product","3":"status-publish","4":"has-post-thumbnail","6":"product_cat-dekorasyon","7":"product_cat-magaza-tum","8":"product_tag-decoration","9":"product_tag-doll","10":"product_tag-shop","11":"pa_beden-12-18-ay","12":"pa_beden-18-24-ay","13":"pa_beden-2-3-yas","14":"pa_beden-3-4-yas","15":"pa_beden-4-5-yas","16":"pa_beden-ozel-siparis","17":"ts_product_brand-miniscule-by-ebrar","19":"first","20":"outofstock","21":"taxable","22":"shipping-taxable","23":"product-type-simple"},"_links":{"self":[{"href":"https:\/\/www.minisculebyebrar.com\/tr\/wp-json\/wp\/v2\/product\/18190","targetHints":{"allow":["GET"]}}],"collection":[{"href":"https:\/\/www.minisculebyebrar.com\/tr\/wp-json\/wp\/v2\/product"}],"about":[{"href":"https:\/\/www.minisculebyebrar.com\/tr\/wp-json\/wp\/v2\/types\/product"}],"wp:featuredmedia":[{"embeddable":true,"href":"https:\/\/www.minisculebyebrar.com\/tr\/wp-json\/wp\/v2\/media\/18193"}],"wp:attachment":[{"href":"https:\/\/www.minisculebyebrar.com\/tr\/wp-json\/wp\/v2\/media?parent=18190"}],"wp:term":[{"taxonomy":"product_brand","embeddable":true,"href":"https:\/\/www.minisculebyebrar.com\/tr\/wp-json\/wp\/v2\/product_brand?post=18190"},{"taxonomy":"product_cat","embeddable":true,"href":"https:\/\/www.minisculebyebrar.com\/tr\/wp-json\/wp\/v2\/product_cat?post=18190"},{"taxonomy":"product_tag","embeddable":true,"href":"https:\/\/www.minisculebyebrar.com\/tr\/wp-json\/wp\/v2\/product_tag?post=18190"}],"curies":[{"name":"wp","href":"https:\/\/api.w.org\/{rel}","templated":true}]}}