{"id":21702,"date":"2021-02-22T15:53:13","date_gmt":"2021-02-22T12:53:13","guid":{"rendered":"https:\/\/www.minisculebyebrar.com\/?post_type=product&#038;p=21702"},"modified":"2021-10-23T16:16:56","modified_gmt":"2021-10-23T13:16:56","slug":"hediye-karti-1","status":"publish","type":"product","link":"https:\/\/www.minisculebyebrar.com\/tr\/urun\/hediye-karti-1\/","title":{"rendered":"Hediye Kart\u0131"},"content":{"rendered":"<p>Hediye kart\u0131nda yer alacak olan G\u00f6nderici Ad\u0131, farkl\u0131 bir sipari\u015f notu girilmedi\u011fi s\u00fcrece Hesap Ad\u0131 ile ayn\u0131 d\u00fczenlenecektir. Sat\u0131n alma i\u015fleminden sonra, hediye kart\u0131n\u0131z e-mail adresinize max. 24 saat i\u00e7erisinde PDF olarak g\u00f6nderilecektir.<\/p>\n","protected":false},"excerpt":{"rendered":"<p><strong>SKU: <\/strong>UGIFT01<strong><br \/>\nRENK: <\/strong>Krem<\/p>\n","protected":false},"featured_media":21707,"template":"","meta":[],"product_brand":[],"product_cat":[148],"product_tag":[],"class_list":{"0":"post-21702","1":"product","2":"type-product","3":"status-publish","4":"has-post-thumbnail","6":"product_cat-hediye-karti","7":"product_shipping_class-hk","9":"first","10":"instock","11":"taxable","12":"shipping-taxable","13":"purchasable","14":"product-type-variable"},"_links":{"self":[{"href":"https:\/\/www.minisculebyebrar.com\/tr\/wp-json\/wp\/v2\/product\/21702","targetHints":{"allow":["GET"]}}],"collection":[{"href":"https:\/\/www.minisculebyebrar.com\/tr\/wp-json\/wp\/v2\/product"}],"about":[{"href":"https:\/\/www.minisculebyebrar.com\/tr\/wp-json\/wp\/v2\/types\/product"}],"wp:featuredmedia":[{"embeddable":true,"href":"https:\/\/www.minisculebyebrar.com\/tr\/wp-json\/wp\/v2\/media\/21707"}],"wp:attachment":[{"href":"https:\/\/www.minisculebyebrar.com\/tr\/wp-json\/wp\/v2\/media?parent=21702"}],"wp:term":[{"taxonomy":"product_brand","embeddable":true,"href":"https:\/\/www.minisculebyebrar.com\/tr\/wp-json\/wp\/v2\/product_brand?post=21702"},{"taxonomy":"product_cat","embeddable":true,"href":"https:\/\/www.minisculebyebrar.com\/tr\/wp-json\/wp\/v2\/product_cat?post=21702"},{"taxonomy":"product_tag","embeddable":true,"href":"https:\/\/www.minisculebyebrar.com\/tr\/wp-json\/wp\/v2\/product_tag?post=21702"}],"curies":[{"name":"wp","href":"https:\/\/api.w.org\/{rel}","templated":true}]}}