{"id":23078,"date":"2021-11-08T14:09:33","date_gmt":"2021-11-08T11:09:33","guid":{"rendered":"https:\/\/www.minisculebyebrar.com\/?post_type=product&#038;p=23078"},"modified":"2022-04-27T23:00:55","modified_gmt":"2022-04-27T20:00:55","slug":"bonita-geyik-nakisli-kirmizi-canta-ve-boynuz-tac-takim-yilbasi-anne-kiz-cocuk-hediye","status":"publish","type":"product","link":"https:\/\/www.minisculebyebrar.com\/tr\/urun\/bonita-geyik-nakisli-kirmizi-canta-ve-boynuz-tac-takim-yilbasi-anne-kiz-cocuk-hediye\/","title":{"rendered":"Bonita Geyik \u00c7anta &#038; Y\u0131lba\u015f\u0131 Ta\u00e7 &#8211; 2&#8217;li Tak\u0131m"},"content":{"rendered":"<p>* K\u0131rm\u0131z\u0131 renkte bir tak\u0131md\u0131r. S\u00fcrd\u00fcr\u00fclebilir d\u00fcnya bilicimiz ile ekolojik kuma\u015flardan tasarlanm\u0131\u015ft\u0131r.<br \/>\n* \u00c7ANTA: 17&#215;18 cm ebat\u0131ndad\u0131r. Ask\u0131 boyu 85cm&#8217;dir. Arzuya g\u00f6re keserek k\u0131salt\u0131labilir. Nak\u0131\u015f i\u015fleme yap\u0131lm\u0131\u015ft\u0131r. %100 Pamuk kuma\u015ftan \u00fcretilmi\u015ftir.<br \/>\n* TA\u00c7: Boynuz k\u0131s\u0131mlar\u0131 nak\u0131\u015f i\u015flemedir. %100 Pamuk kuma\u015f ile kaplanm\u0131\u015ft\u0131r. Tak\u0131ld\u0131\u011f\u0131nda rahats\u0131z etmez, yumu\u015fak bir yap\u0131s\u0131 vard\u0131r.<\/p>\n","protected":false},"excerpt":{"rendered":"<p><strong>SKU :<\/strong> A20100A2101<br \/>\n<strong>RENK :<\/strong> K\u0131rm\u0131z\u0131<\/p>\n","protected":false},"featured_media":23081,"template":"","meta":[],"product_brand":[],"product_cat":[464,141,501,150],"product_tag":[],"class_list":{"0":"post-23078","1":"product","2":"type-product","3":"status-publish","4":"has-post-thumbnail","6":"product_cat-aksesuar","7":"product_cat-magaza-tum","8":"product_cat-posts","9":"product_cat-tum-urunler-kiz","11":"first","12":"outofstock","13":"taxable","14":"shipping-taxable","15":"product-type-simple"},"_links":{"self":[{"href":"https:\/\/www.minisculebyebrar.com\/tr\/wp-json\/wp\/v2\/product\/23078","targetHints":{"allow":["GET"]}}],"collection":[{"href":"https:\/\/www.minisculebyebrar.com\/tr\/wp-json\/wp\/v2\/product"}],"about":[{"href":"https:\/\/www.minisculebyebrar.com\/tr\/wp-json\/wp\/v2\/types\/product"}],"wp:featuredmedia":[{"embeddable":true,"href":"https:\/\/www.minisculebyebrar.com\/tr\/wp-json\/wp\/v2\/media\/23081"}],"wp:attachment":[{"href":"https:\/\/www.minisculebyebrar.com\/tr\/wp-json\/wp\/v2\/media?parent=23078"}],"wp:term":[{"taxonomy":"product_brand","embeddable":true,"href":"https:\/\/www.minisculebyebrar.com\/tr\/wp-json\/wp\/v2\/product_brand?post=23078"},{"taxonomy":"product_cat","embeddable":true,"href":"https:\/\/www.minisculebyebrar.com\/tr\/wp-json\/wp\/v2\/product_cat?post=23078"},{"taxonomy":"product_tag","embeddable":true,"href":"https:\/\/www.minisculebyebrar.com\/tr\/wp-json\/wp\/v2\/product_tag?post=23078"}],"curies":[{"name":"wp","href":"https:\/\/api.w.org\/{rel}","templated":true}]}}