{"id":23423,"date":"2022-02-28T21:33:40","date_gmt":"2022-02-28T18:33:40","guid":{"rendered":"https:\/\/www.minisculebyebrar.com\/?post_type=product&#038;p=23423"},"modified":"2023-06-07T02:05:57","modified_gmt":"2023-06-06T23:05:57","slug":"sunchic-fiyonk-tac-yesil","status":"publish","type":"product","link":"https:\/\/www.minisculebyebrar.com\/tr\/urun\/sunchic-fiyonk-tac-yesil\/","title":{"rendered":"Sunchic Fiyonk Ta\u00e7"},"content":{"rendered":"<p>* %100 Pamuk kuma\u015f ile kaplanm\u0131\u015ft\u0131r.<br \/>\n* Tak\u0131ld\u0131\u011f\u0131nda rahats\u0131z etmez, yumu\u015fak bir yap\u0131s\u0131 vard\u0131r.<br \/>\n* S\u00fcrd\u00fcr\u00fclebilir d\u00fcnya bilicimiz ile ekolojik kuma\u015flardan tasarlanm\u0131\u015ft\u0131r.<\/p>\n","protected":false},"excerpt":{"rendered":"<p><strong>SKU :<\/strong> A10202A2104<br \/>\n<strong>RENK :<\/strong> Ye\u015fil<\/p>\n","protected":false},"featured_media":23425,"template":"","meta":[],"product_brand":[],"product_cat":[464,141,501],"product_tag":[],"class_list":{"0":"post-23423","1":"product","2":"type-product","3":"status-publish","4":"has-post-thumbnail","6":"product_cat-aksesuar","7":"product_cat-magaza-tum","8":"product_cat-posts","10":"first","11":"instock","12":"sale","13":"taxable","14":"shipping-taxable","15":"purchasable","16":"product-type-simple"},"_links":{"self":[{"href":"https:\/\/www.minisculebyebrar.com\/tr\/wp-json\/wp\/v2\/product\/23423","targetHints":{"allow":["GET"]}}],"collection":[{"href":"https:\/\/www.minisculebyebrar.com\/tr\/wp-json\/wp\/v2\/product"}],"about":[{"href":"https:\/\/www.minisculebyebrar.com\/tr\/wp-json\/wp\/v2\/types\/product"}],"wp:featuredmedia":[{"embeddable":true,"href":"https:\/\/www.minisculebyebrar.com\/tr\/wp-json\/wp\/v2\/media\/23425"}],"wp:attachment":[{"href":"https:\/\/www.minisculebyebrar.com\/tr\/wp-json\/wp\/v2\/media?parent=23423"}],"wp:term":[{"taxonomy":"product_brand","embeddable":true,"href":"https:\/\/www.minisculebyebrar.com\/tr\/wp-json\/wp\/v2\/product_brand?post=23423"},{"taxonomy":"product_cat","embeddable":true,"href":"https:\/\/www.minisculebyebrar.com\/tr\/wp-json\/wp\/v2\/product_cat?post=23423"},{"taxonomy":"product_tag","embeddable":true,"href":"https:\/\/www.minisculebyebrar.com\/tr\/wp-json\/wp\/v2\/product_tag?post=23423"}],"curies":[{"name":"wp","href":"https:\/\/api.w.org\/{rel}","templated":true}]}}