{"id":24748,"date":"2022-12-16T21:16:34","date_gmt":"2022-12-16T18:16:34","guid":{"rendered":"https:\/\/www.minisculebyebrar.com\/?post_type=product&#038;p=24748"},"modified":"2023-12-02T15:42:02","modified_gmt":"2023-12-02T12:42:02","slug":"bonavita-fiyonk-sac-bandi-vizon","status":"publish","type":"product","link":"https:\/\/www.minisculebyebrar.com\/tr\/urun\/bonavita-fiyonk-sac-bandi-vizon\/","title":{"rendered":"Bonavita Fiyonk Sa\u00e7 Band\u0131"},"content":{"rendered":"<p>* %100 Pamuk kuma\u015ftand\u0131r. S\u00fcrd\u00fcr\u00fclebilir d\u00fcnya bilicimiz ile ekolojik kuma\u015flar tercih edilmi\u015ftir.<br \/>\n* Lastikli alan\u0131 sayesinde her t\u00fcr ba\u015f \u00e7evre geni\u015fli\u011fine uyum sa\u011flamaktad\u0131r.<\/p>\n","protected":false},"excerpt":{"rendered":"<p><strong>SKU :<\/strong> A10204A2202<br \/>\n<strong>RENK : <\/strong>Vizon<\/p>\n","protected":false},"featured_media":25069,"template":"","meta":[],"product_brand":[],"product_cat":[464,141,501],"product_tag":[],"class_list":{"0":"post-24748","1":"product","2":"type-product","3":"status-publish","4":"has-post-thumbnail","6":"product_cat-aksesuar","7":"product_cat-magaza-tum","8":"product_cat-posts","10":"first","11":"instock","12":"taxable","13":"shipping-taxable","14":"purchasable","15":"product-type-simple"},"_links":{"self":[{"href":"https:\/\/www.minisculebyebrar.com\/tr\/wp-json\/wp\/v2\/product\/24748","targetHints":{"allow":["GET"]}}],"collection":[{"href":"https:\/\/www.minisculebyebrar.com\/tr\/wp-json\/wp\/v2\/product"}],"about":[{"href":"https:\/\/www.minisculebyebrar.com\/tr\/wp-json\/wp\/v2\/types\/product"}],"wp:featuredmedia":[{"embeddable":true,"href":"https:\/\/www.minisculebyebrar.com\/tr\/wp-json\/wp\/v2\/media\/25069"}],"wp:attachment":[{"href":"https:\/\/www.minisculebyebrar.com\/tr\/wp-json\/wp\/v2\/media?parent=24748"}],"wp:term":[{"taxonomy":"product_brand","embeddable":true,"href":"https:\/\/www.minisculebyebrar.com\/tr\/wp-json\/wp\/v2\/product_brand?post=24748"},{"taxonomy":"product_cat","embeddable":true,"href":"https:\/\/www.minisculebyebrar.com\/tr\/wp-json\/wp\/v2\/product_cat?post=24748"},{"taxonomy":"product_tag","embeddable":true,"href":"https:\/\/www.minisculebyebrar.com\/tr\/wp-json\/wp\/v2\/product_tag?post=24748"}],"curies":[{"name":"wp","href":"https:\/\/api.w.org\/{rel}","templated":true}]}}