{"id":25074,"date":"2023-07-18T09:42:12","date_gmt":"2023-07-18T06:42:12","guid":{"rendered":"https:\/\/www.minisculebyebrar.com\/?post_type=product&#038;p=25074"},"modified":"2023-07-18T09:50:54","modified_gmt":"2023-07-18T06:50:54","slug":"bonavita-fiyonk-tac","status":"publish","type":"product","link":"https:\/\/www.minisculebyebrar.com\/tr\/urun\/bonavita-fiyonk-tac\/","title":{"rendered":"Bonavita Fiyonk Ta\u00e7"},"content":{"rendered":"<p>* %100 Pamuk kuma\u015f ile kaplanm\u0131\u015ft\u0131r.<br \/>\n* Tak\u0131ld\u0131\u011f\u0131nda rahats\u0131z etmez, yumu\u015fak bir yap\u0131s\u0131 vard\u0131r.<br \/>\n* S\u00fcrd\u00fcr\u00fclebilir d\u00fcnya bilicimiz ile ekolojik kuma\u015flardan tasarlanm\u0131\u015ft\u0131r.<\/p>\n","protected":false},"excerpt":{"rendered":"<p><strong>SKU :<\/strong> A10402A2301<br \/>\n<strong>RENK :<\/strong> Hardal<\/p>\n","protected":false},"featured_media":25077,"template":"","meta":[],"product_brand":[],"product_cat":[464,141,501],"product_tag":[],"class_list":{"0":"post-25074","1":"product","2":"type-product","3":"status-publish","4":"has-post-thumbnail","6":"product_cat-aksesuar","7":"product_cat-magaza-tum","8":"product_cat-posts","10":"first","11":"instock","12":"taxable","13":"shipping-taxable","14":"purchasable","15":"product-type-simple"},"_links":{"self":[{"href":"https:\/\/www.minisculebyebrar.com\/tr\/wp-json\/wp\/v2\/product\/25074","targetHints":{"allow":["GET"]}}],"collection":[{"href":"https:\/\/www.minisculebyebrar.com\/tr\/wp-json\/wp\/v2\/product"}],"about":[{"href":"https:\/\/www.minisculebyebrar.com\/tr\/wp-json\/wp\/v2\/types\/product"}],"wp:featuredmedia":[{"embeddable":true,"href":"https:\/\/www.minisculebyebrar.com\/tr\/wp-json\/wp\/v2\/media\/25077"}],"wp:attachment":[{"href":"https:\/\/www.minisculebyebrar.com\/tr\/wp-json\/wp\/v2\/media?parent=25074"}],"wp:term":[{"taxonomy":"product_brand","embeddable":true,"href":"https:\/\/www.minisculebyebrar.com\/tr\/wp-json\/wp\/v2\/product_brand?post=25074"},{"taxonomy":"product_cat","embeddable":true,"href":"https:\/\/www.minisculebyebrar.com\/tr\/wp-json\/wp\/v2\/product_cat?post=25074"},{"taxonomy":"product_tag","embeddable":true,"href":"https:\/\/www.minisculebyebrar.com\/tr\/wp-json\/wp\/v2\/product_tag?post=25074"}],"curies":[{"name":"wp","href":"https:\/\/api.w.org\/{rel}","templated":true}]}}