{"id":25211,"date":"2023-11-30T15:30:36","date_gmt":"2023-11-30T12:30:36","guid":{"rendered":"https:\/\/www.minisculebyebrar.com\/bondara-bow-tie-headband\/"},"modified":"2023-12-15T23:25:31","modified_gmt":"2023-12-15T20:25:31","slug":"bordara-fiyonk-sac-bandi","status":"publish","type":"product","link":"https:\/\/www.minisculebyebrar.com\/tr\/urun\/bordara-fiyonk-sac-bandi\/","title":{"rendered":"Bondara Fiyonk Sa\u00e7 Band\u0131"},"content":{"rendered":"<p>* %100 Pamuk kuma\u015ftand\u0131r. S\u00fcrd\u00fcr\u00fclebilir d\u00fcnya bilicimiz ile ekolojik kuma\u015flar tercih edilmi\u015ftir.<br \/>\n* Lastikli alan\u0131 sayesinde her t\u00fcr ba\u015f \u00e7evre geni\u015fli\u011fine uyum sa\u011flamaktad\u0131r.<\/p>\n","protected":false},"excerpt":{"rendered":"<p><strong>SKU :<\/strong> A0604A2302<br \/>\n<strong>RENK:<\/strong> Lacivert<\/p>\n","protected":false},"featured_media":25285,"template":"","meta":[],"product_brand":[],"product_cat":[464,141,501],"product_tag":[],"class_list":{"0":"post-25211","1":"product","2":"type-product","3":"status-publish","4":"has-post-thumbnail","6":"product_cat-aksesuar","7":"product_cat-magaza-tum","8":"product_cat-posts","9":"pa_beden-12-18-ay","10":"pa_beden-18-24-ay","11":"pa_beden-2-3-yas","12":"pa_beden-3-4-yas","13":"pa_beden-4-5-yas","15":"first","16":"instock","17":"taxable","18":"shipping-taxable","19":"purchasable","20":"product-type-simple"},"_links":{"self":[{"href":"https:\/\/www.minisculebyebrar.com\/tr\/wp-json\/wp\/v2\/product\/25211","targetHints":{"allow":["GET"]}}],"collection":[{"href":"https:\/\/www.minisculebyebrar.com\/tr\/wp-json\/wp\/v2\/product"}],"about":[{"href":"https:\/\/www.minisculebyebrar.com\/tr\/wp-json\/wp\/v2\/types\/product"}],"wp:featuredmedia":[{"embeddable":true,"href":"https:\/\/www.minisculebyebrar.com\/tr\/wp-json\/wp\/v2\/media\/25285"}],"wp:attachment":[{"href":"https:\/\/www.minisculebyebrar.com\/tr\/wp-json\/wp\/v2\/media?parent=25211"}],"wp:term":[{"taxonomy":"product_brand","embeddable":true,"href":"https:\/\/www.minisculebyebrar.com\/tr\/wp-json\/wp\/v2\/product_brand?post=25211"},{"taxonomy":"product_cat","embeddable":true,"href":"https:\/\/www.minisculebyebrar.com\/tr\/wp-json\/wp\/v2\/product_cat?post=25211"},{"taxonomy":"product_tag","embeddable":true,"href":"https:\/\/www.minisculebyebrar.com\/tr\/wp-json\/wp\/v2\/product_tag?post=25211"}],"curies":[{"name":"wp","href":"https:\/\/api.w.org\/{rel}","templated":true}]}}