{"id":25435,"date":"2024-07-31T12:54:10","date_gmt":"2024-07-31T09:54:10","guid":{"rendered":"https:\/\/www.minisculebyebrar.com\/sunmarine-bow-detailed-hair-crown\/"},"modified":"2024-07-31T13:01:34","modified_gmt":"2024-07-31T10:01:34","slug":"sunmarine-fiyonk-tac","status":"publish","type":"product","link":"https:\/\/www.minisculebyebrar.com\/tr\/urun\/sunmarine-fiyonk-tac\/","title":{"rendered":"Sunmarine Fiyonk Ta\u00e7"},"content":{"rendered":"<p>* %100 Pamuk kuma\u015f ile kaplanm\u0131\u015ft\u0131r.<br \/>\n* Tak\u0131ld\u0131\u011f\u0131nda rahats\u0131z etmez, yumu\u015fak bir yap\u0131s\u0131 vard\u0131r.<br \/>\n* S\u00fcrd\u00fcr\u00fclebilir d\u00fcnya bilicimiz ile ekolojik kuma\u015flardan tasarlanm\u0131\u015ft\u0131r.<\/p>\n","protected":false},"excerpt":{"rendered":"<p><strong>SKU<\/strong>: A02S2401<br \/>\n<b>RENK<\/b>: Mavi<\/p>\n","protected":false},"featured_media":25429,"template":"","meta":[],"product_brand":[],"product_cat":[464,142,141],"product_tag":[],"class_list":{"0":"post-25435","1":"product","2":"type-product","3":"status-publish","4":"has-post-thumbnail","6":"product_cat-aksesuar","7":"product_cat-kiz","8":"product_cat-magaza-tum","10":"first","11":"instock","12":"taxable","13":"shipping-taxable","14":"purchasable","15":"product-type-simple"},"_links":{"self":[{"href":"https:\/\/www.minisculebyebrar.com\/tr\/wp-json\/wp\/v2\/product\/25435","targetHints":{"allow":["GET"]}}],"collection":[{"href":"https:\/\/www.minisculebyebrar.com\/tr\/wp-json\/wp\/v2\/product"}],"about":[{"href":"https:\/\/www.minisculebyebrar.com\/tr\/wp-json\/wp\/v2\/types\/product"}],"wp:featuredmedia":[{"embeddable":true,"href":"https:\/\/www.minisculebyebrar.com\/tr\/wp-json\/wp\/v2\/media\/25429"}],"wp:attachment":[{"href":"https:\/\/www.minisculebyebrar.com\/tr\/wp-json\/wp\/v2\/media?parent=25435"}],"wp:term":[{"taxonomy":"product_brand","embeddable":true,"href":"https:\/\/www.minisculebyebrar.com\/tr\/wp-json\/wp\/v2\/product_brand?post=25435"},{"taxonomy":"product_cat","embeddable":true,"href":"https:\/\/www.minisculebyebrar.com\/tr\/wp-json\/wp\/v2\/product_cat?post=25435"},{"taxonomy":"product_tag","embeddable":true,"href":"https:\/\/www.minisculebyebrar.com\/tr\/wp-json\/wp\/v2\/product_tag?post=25435"}],"curies":[{"name":"wp","href":"https:\/\/api.w.org\/{rel}","templated":true}]}}