{"id":25546,"date":"2024-11-04T19:50:27","date_gmt":"2024-11-04T16:50:27","guid":{"rendered":"https:\/\/www.minisculebyebrar.com\/?post_type=product&#038;p=25546"},"modified":"2024-11-04T19:56:28","modified_gmt":"2024-11-04T16:56:28","slug":"bollarine-fiyonk-tac-copy","status":"publish","type":"product","link":"https:\/\/www.minisculebyebrar.com\/tr\/urun\/bollarine-fiyonk-tac-copy\/","title":{"rendered":"Bollarine Fiyonk Toka 1"},"content":{"rendered":"<p>* Papyon model fiyonk tokam\u0131z %100 pamuk saten ile tasarlanm\u0131\u015ft\u0131r.<br \/>\n* S\u00fcrd\u00fcr\u00fclebilir d\u00fcnya bilicimiz ile ekolojik kuma\u015flar tercih edilmi\u015ftir.<br \/>\n* Lastik \u00f6l\u00e7\u00fcs\u00fc 6 cm\u2019dir.<br \/>\n* Fiyonk k\u0131sm\u0131 11\u00d715 cm boyutlar\u0131ndad\u0131r.<\/p>\n","protected":false},"excerpt":{"rendered":"<p><strong>SKU<\/strong>: A0603A2401<br \/>\n<b>RENK<\/b>: Ye\u015fil<\/p>\n","protected":false},"featured_media":25548,"template":"","meta":[],"product_brand":[],"product_cat":[464,142,141],"product_tag":[],"class_list":{"0":"post-25546","1":"product","2":"type-product","3":"status-publish","4":"has-post-thumbnail","6":"product_cat-aksesuar","7":"product_cat-kiz","8":"product_cat-magaza-tum","10":"first","11":"instock","12":"taxable","13":"shipping-taxable","14":"purchasable","15":"product-type-simple"},"_links":{"self":[{"href":"https:\/\/www.minisculebyebrar.com\/tr\/wp-json\/wp\/v2\/product\/25546","targetHints":{"allow":["GET"]}}],"collection":[{"href":"https:\/\/www.minisculebyebrar.com\/tr\/wp-json\/wp\/v2\/product"}],"about":[{"href":"https:\/\/www.minisculebyebrar.com\/tr\/wp-json\/wp\/v2\/types\/product"}],"wp:featuredmedia":[{"embeddable":true,"href":"https:\/\/www.minisculebyebrar.com\/tr\/wp-json\/wp\/v2\/media\/25548"}],"wp:attachment":[{"href":"https:\/\/www.minisculebyebrar.com\/tr\/wp-json\/wp\/v2\/media?parent=25546"}],"wp:term":[{"taxonomy":"product_brand","embeddable":true,"href":"https:\/\/www.minisculebyebrar.com\/tr\/wp-json\/wp\/v2\/product_brand?post=25546"},{"taxonomy":"product_cat","embeddable":true,"href":"https:\/\/www.minisculebyebrar.com\/tr\/wp-json\/wp\/v2\/product_cat?post=25546"},{"taxonomy":"product_tag","embeddable":true,"href":"https:\/\/www.minisculebyebrar.com\/tr\/wp-json\/wp\/v2\/product_tag?post=25546"}],"curies":[{"name":"wp","href":"https:\/\/api.w.org\/{rel}","templated":true}]}}